{"id":2715,"date":"2025-08-04T15:43:23","date_gmt":"2025-08-04T13:43:23","guid":{"rendered":"https:\/\/www.agrover.it\/lavorazioni\/"},"modified":"2025-11-06T16:24:33","modified_gmt":"2025-11-06T15:24:33","slug":"usinages","status":"publish","type":"page","link":"https:\/\/www.agrover.it\/fr\/usinages\/","title":{"rendered":"Usinages"},"content":{"rendered":"\t\t<div data-elementor-type=\"wp-page\" data-elementor-id=\"2715\" class=\"elementor elementor-2715 elementor-733\" data-elementor-post-type=\"page\">\n\t\t\t\t<div class=\"elementor-element elementor-element-a78205d e-flex e-con-boxed e-con e-parent\" data-id=\"a78205d\" data-element_type=\"container\" data-e-type=\"container\" data-settings=\"{&quot;background_background&quot;:&quot;classic&quot;,&quot;shape_divider_bottom&quot;:&quot;curve&quot;}\">\n\t\t\t\t\t<div class=\"e-con-inner\">\n\t\t\t\t<div class=\"elementor-shape elementor-shape-bottom\" aria-hidden=\"true\" data-negative=\"false\">\n\t\t\t<svg xmlns=\"http:\/\/www.w3.org\/2000\/svg\" viewBox=\"0 0 1000 100\" preserveAspectRatio=\"none\">\n    <path class=\"elementor-shape-fill\" d=\"M1000,4.3V0H0v4.3C0.9,23.1,126.7,99.2,500,100S1000,22.7,1000,4.3z\"\/>\n<\/svg>\t\t<\/div>\n\t\t\t\t<div class=\"elementor-element elementor-element-64b73f1 elementor-widget__width-initial elementor-widget-tablet__width-initial elementor-widget elementor-widget-heading\" data-id=\"64b73f1\" data-element_type=\"widget\" data-e-type=\"widget\" data-widget_type=\"heading.default\">\n\t\t\t\t<div class=\"elementor-widget-container\">\n\t\t\t\t\t<h1 class=\"elementor-heading-title elementor-size-default\">TECHNOLOGIE AU <br>SERVICE DU PRODUIT<\/h1>\t\t\t\t<\/div>\n\t\t\t\t<\/div>\n\t\t\t\t\t<\/div>\n\t\t\t\t<\/div>\n\t\t<div class=\"elementor-element elementor-element-4d095ee e-flex e-con-boxed e-con e-parent\" data-id=\"4d095ee\" data-element_type=\"container\" data-e-type=\"container\">\n\t\t\t\t\t<div class=\"e-con-inner\">\n\t\t<div class=\"elementor-element elementor-element-c718f34 e-con-full e-flex e-con e-child\" data-id=\"c718f34\" data-element_type=\"container\" data-e-type=\"container\">\n\t\t\t\t<div class=\"elementor-element elementor-element-1a07814 elementor-widget elementor-widget-heading\" data-id=\"1a07814\" data-element_type=\"widget\" data-e-type=\"widget\" data-widget_type=\"heading.default\">\n\t\t\t\t<div class=\"elementor-widget-container\">\n\t\t\t\t\t<h3 class=\"elementor-heading-title elementor-size-default\">Remise<\/h3>\t\t\t\t<\/div>\n\t\t\t\t<\/div>\n\t\t\t\t<div class=\"elementor-element elementor-element-62eac55 elementor-widget-divider--view-line elementor-widget elementor-widget-divider\" data-id=\"62eac55\" data-element_type=\"widget\" data-e-type=\"widget\" data-widget_type=\"divider.default\">\n\t\t\t\t<div class=\"elementor-widget-container\">\n\t\t\t\t\t\t\t<div class=\"elementor-divider\">\n\t\t\t<span class=\"elementor-divider-separator\">\n\t\t\t\t\t\t<\/span>\n\t\t<\/div>\n\t\t\t\t\t\t<\/div>\n\t\t\t\t<\/div>\n\t\t\t\t<div class=\"elementor-element elementor-element-acef61a elementor-widget__width-initial elementor-widget elementor-widget-text-editor\" data-id=\"acef61a\" data-element_type=\"widget\" data-e-type=\"widget\" data-widget_type=\"text-editor.default\">\n\t\t\t\t<div class=\"elementor-widget-container\">\n\t\t\t\t\t\t\t\t\t<p>La mati\u00e8re premi\u00e8re qui vient d\u2019exploitations <strong>agricoles soigneusement s\u00e9lectionn\u00e9es<\/strong> en Italie et dans le monde entier, avant d\u2019\u00eatre transform\u00e9e est <strong>contr\u00f4l\u00e9e par notre laboratoire d\u2019analyse<\/strong>. La <strong>tra\u00e7abilit\u00e9<\/strong> du riz assure un produit de <strong>haute qualit\u00e9<\/strong>.<\/p>\t\t\t\t\t\t\t\t<\/div>\n\t\t\t\t<\/div>\n\t\t\t\t<div class=\"elementor-element elementor-element-20febdd elementor-widget elementor-widget-heading\" data-id=\"20febdd\" data-element_type=\"widget\" data-e-type=\"widget\" data-widget_type=\"heading.default\">\n\t\t\t\t<div class=\"elementor-widget-container\">\n\t\t\t\t\t<h3 class=\"elementor-heading-title elementor-size-default\">Usinage<\/h3>\t\t\t\t<\/div>\n\t\t\t\t<\/div>\n\t\t\t\t<div class=\"elementor-element elementor-element-23dff75 elementor-widget-divider--view-line elementor-widget elementor-widget-divider\" data-id=\"23dff75\" data-element_type=\"widget\" data-e-type=\"widget\" data-widget_type=\"divider.default\">\n\t\t\t\t<div class=\"elementor-widget-container\">\n\t\t\t\t\t\t\t<div class=\"elementor-divider\">\n\t\t\t<span class=\"elementor-divider-separator\">\n\t\t\t\t\t\t<\/span>\n\t\t<\/div>\n\t\t\t\t\t\t<\/div>\n\t\t\t\t<\/div>\n\t\t\t\t<div class=\"elementor-element elementor-element-28bc605 elementor-widget__width-initial elementor-widget elementor-widget-text-editor\" data-id=\"28bc605\" data-element_type=\"widget\" data-e-type=\"widget\" data-widget_type=\"text-editor.default\">\n\t\t\t\t<div class=\"elementor-widget-container\">\n\t\t\t\t\t\t\t\t\t<p>Dans l\u2019atelier d\u2019usinage, des <strong>machines de nouvelle g\u00e9n\u00e9ration<\/strong> permettent de transformer des grandes quantit\u00e9s de riz chaque jour. Cela nous permet <strong>d\u2019ex\u00e9cuter rapidement les ordres<\/strong> de nos clients.<\/p>\t\t\t\t\t\t\t\t<\/div>\n\t\t\t\t<\/div>\n\t\t\t\t<\/div>\n\t\t<div class=\"elementor-element elementor-element-e1eb70d e-con-full e-flex e-con e-child\" data-id=\"e1eb70d\" data-element_type=\"container\" data-e-type=\"container\">\n\t\t\t\t<div class=\"elementor-element elementor-element-b46f95e elementor-widget__width-initial elementor-widget elementor-widget-image\" data-id=\"b46f95e\" data-element_type=\"widget\" data-e-type=\"widget\" data-widget_type=\"image.default\">\n\t\t\t\t<div class=\"elementor-widget-container\">\n\t\t\t\t\t\t\t\t\t\t\t\t\t\t\t<img fetchpriority=\"high\" decoding=\"async\" width=\"1024\" height=\"682\" src=\"https:\/\/www.agrover.it\/wp-content\/uploads\/2025\/09\/agrover-1024x682.jpg\" class=\"attachment-large size-large wp-image-2722\" alt=\"agrover\" srcset=\"https:\/\/www.agrover.it\/wp-content\/uploads\/2025\/09\/agrover-1024x682.jpg 1024w, https:\/\/www.agrover.it\/wp-content\/uploads\/2025\/09\/agrover-300x200.jpg 300w, https:\/\/www.agrover.it\/wp-content\/uploads\/2025\/09\/agrover-768x512.jpg 768w, https:\/\/www.agrover.it\/wp-content\/uploads\/2025\/09\/agrover-1536x1024.jpg 1536w, https:\/\/www.agrover.it\/wp-content\/uploads\/2025\/09\/agrover.jpg 2000w\" sizes=\"(max-width: 1024px) 100vw, 1024px\" \/>\t\t\t\t\t\t\t\t\t\t\t\t\t\t\t<\/div>\n\t\t\t\t<\/div>\n\t\t\t\t<\/div>\n\t\t\t\t\t<\/div>\n\t\t\t\t<\/div>\n\t\t<div class=\"elementor-element elementor-element-438d0ab e-flex e-con-boxed e-con e-parent\" data-id=\"438d0ab\" data-element_type=\"container\" data-e-type=\"container\">\n\t\t\t\t\t<div class=\"e-con-inner\">\n\t\t<div class=\"elementor-element elementor-element-00a947f e-con-full e-flex e-con e-child\" data-id=\"00a947f\" data-element_type=\"container\" data-e-type=\"container\">\n\t\t\t\t<div class=\"elementor-element elementor-element-0de1fad elementor-widget__width-initial elementor-widget elementor-widget-image\" data-id=\"0de1fad\" data-element_type=\"widget\" data-e-type=\"widget\" data-widget_type=\"image.default\">\n\t\t\t\t<div class=\"elementor-widget-container\">\n\t\t\t\t\t\t\t\t\t\t\t\t\t\t\t<img decoding=\"async\" width=\"1000\" height=\"667\" src=\"https:\/\/www.agrover.it\/wp-content\/uploads\/2025\/10\/Lavorazione-riso-Agrover.jpg\" class=\"attachment-large size-large wp-image-2723\" alt=\"\" srcset=\"https:\/\/www.agrover.it\/wp-content\/uploads\/2025\/10\/Lavorazione-riso-Agrover.jpg 1000w, https:\/\/www.agrover.it\/wp-content\/uploads\/2025\/10\/Lavorazione-riso-Agrover-300x200.jpg 300w, https:\/\/www.agrover.it\/wp-content\/uploads\/2025\/10\/Lavorazione-riso-Agrover-768x512.jpg 768w\" sizes=\"(max-width: 1000px) 100vw, 1000px\" \/>\t\t\t\t\t\t\t\t\t\t\t\t\t\t\t<\/div>\n\t\t\t\t<\/div>\n\t\t\t\t<\/div>\n\t\t<div class=\"elementor-element elementor-element-4e1d681 e-con-full e-flex e-con e-child\" data-id=\"4e1d681\" data-element_type=\"container\" data-e-type=\"container\">\n\t\t\t\t<div class=\"elementor-element elementor-element-0c66b40 elementor-widget elementor-widget-heading\" data-id=\"0c66b40\" data-element_type=\"widget\" data-e-type=\"widget\" data-widget_type=\"heading.default\">\n\t\t\t\t<div class=\"elementor-widget-container\">\n\t\t\t\t\t<h3 class=\"elementor-heading-title elementor-size-default\">Selection<\/h3>\t\t\t\t<\/div>\n\t\t\t\t<\/div>\n\t\t\t\t<div class=\"elementor-element elementor-element-6eeed09 elementor-widget-divider--view-line elementor-widget elementor-widget-divider\" data-id=\"6eeed09\" data-element_type=\"widget\" data-e-type=\"widget\" data-widget_type=\"divider.default\">\n\t\t\t\t<div class=\"elementor-widget-container\">\n\t\t\t\t\t\t\t<div class=\"elementor-divider\">\n\t\t\t<span class=\"elementor-divider-separator\">\n\t\t\t\t\t\t<\/span>\n\t\t<\/div>\n\t\t\t\t\t\t<\/div>\n\t\t\t\t<\/div>\n\t\t\t\t<div class=\"elementor-element elementor-element-38658eb elementor-widget__width-initial elementor-widget elementor-widget-text-editor\" data-id=\"38658eb\" data-element_type=\"widget\" data-e-type=\"widget\" data-widget_type=\"text-editor.default\">\n\t\t\t\t<div class=\"elementor-widget-container\">\n\t\t\t\t\t\t\t\t\tNotre trieuse optique install\u00e9e r\u00e9cemment est un instrument indispensable pour permettre d\u2019\u00e9liminer toute impuret\u00e9 avant que le riz paddy ne vienne introduit dans le cycle de production.\t\t\t\t\t\t\t\t<\/div>\n\t\t\t\t<\/div>\n\t\t\t\t<div class=\"elementor-element elementor-element-a35253e elementor-widget elementor-widget-image\" data-id=\"a35253e\" data-element_type=\"widget\" data-e-type=\"widget\" data-widget_type=\"image.default\">\n\t\t\t\t<div class=\"elementor-widget-container\">\n\t\t\t\t\t\t\t\t\t\t\t\t\t\t\t<img decoding=\"async\" width=\"59\" height=\"50\" src=\"https:\/\/www.agrover.it\/wp-content\/uploads\/2025\/08\/Quote-Top.png\" class=\"attachment-large size-large wp-image-2724\" alt=\"\" \/>\t\t\t\t\t\t\t\t\t\t\t\t\t\t\t<\/div>\n\t\t\t\t<\/div>\n\t\t\t\t<div class=\"elementor-element elementor-element-85505c3 elementor-widget elementor-widget-heading\" data-id=\"85505c3\" data-element_type=\"widget\" data-e-type=\"widget\" data-widget_type=\"heading.default\">\n\t\t\t\t<div class=\"elementor-widget-container\">\n\t\t\t\t\t<h3 class=\"elementor-heading-title elementor-size-default\">Apr\u00e8s chaque phase <br>\nle produit est contr\u00f4l\u00e9 pour <br>obtenir\nseulement la partie <br>meilleure du riz.\n<\/h3>\t\t\t\t<\/div>\n\t\t\t\t<\/div>\n\t\t\t\t<div class=\"elementor-element elementor-element-52a640e elementor-widget__width-initial elementor-widget elementor-widget-image\" data-id=\"52a640e\" data-element_type=\"widget\" data-e-type=\"widget\" data-widget_type=\"image.default\">\n\t\t\t\t<div class=\"elementor-widget-container\">\n\t\t\t\t\t\t\t\t\t\t\t\t\t\t\t<img loading=\"lazy\" decoding=\"async\" width=\"59\" height=\"50\" src=\"https:\/\/www.agrover.it\/wp-content\/uploads\/2025\/08\/Quote-bottom.png\" class=\"attachment-large size-large wp-image-2725\" alt=\"\" \/>\t\t\t\t\t\t\t\t\t\t\t\t\t\t\t<\/div>\n\t\t\t\t<\/div>\n\t\t\t\t<\/div>\n\t\t\t\t\t<\/div>\n\t\t\t\t<\/div>\n\t\t<div class=\"elementor-element elementor-element-fdafb7d e-flex e-con-boxed e-con e-parent\" data-id=\"fdafb7d\" data-element_type=\"container\" data-e-type=\"container\">\n\t\t\t\t\t<div class=\"e-con-inner\">\n\t\t<div class=\"elementor-element elementor-element-57578be e-con-full e-flex e-con e-child\" data-id=\"57578be\" data-element_type=\"container\" data-e-type=\"container\">\n\t\t\t\t<div class=\"elementor-element elementor-element-5a88af5 elementor-widget elementor-widget-heading\" data-id=\"5a88af5\" data-element_type=\"widget\" data-e-type=\"widget\" data-widget_type=\"heading.default\">\n\t\t\t\t<div class=\"elementor-widget-container\">\n\t\t\t\t\t<h3 class=\"elementor-heading-title elementor-size-default\">Stockage<\/h3>\t\t\t\t<\/div>\n\t\t\t\t<\/div>\n\t\t\t\t<div class=\"elementor-element elementor-element-8c3bd82 elementor-widget-divider--view-line elementor-widget elementor-widget-divider\" data-id=\"8c3bd82\" data-element_type=\"widget\" data-e-type=\"widget\" data-widget_type=\"divider.default\">\n\t\t\t\t<div class=\"elementor-widget-container\">\n\t\t\t\t\t\t\t<div class=\"elementor-divider\">\n\t\t\t<span class=\"elementor-divider-separator\">\n\t\t\t\t\t\t<\/span>\n\t\t<\/div>\n\t\t\t\t\t\t<\/div>\n\t\t\t\t<\/div>\n\t\t\t\t<div class=\"elementor-element elementor-element-beab54d elementor-widget__width-initial elementor-widget elementor-widget-text-editor\" data-id=\"beab54d\" data-element_type=\"widget\" data-e-type=\"widget\" data-widget_type=\"text-editor.default\">\n\t\t\t\t<div class=\"elementor-widget-container\">\n\t\t\t\t\t\t\t\t\t<p>Le nouveau centre de stockage de <strong>500 palettes<\/strong>, construit en 2017, est le fruit d&rsquo;investissements cibl\u00e9s visant \u00e0 am\u00e9liorer constamment l&rsquo;installation et \u00e0 adapter ses \u00e9quipements aux derni\u00e8res r\u00e9glementations de s\u00e9curit\u00e9. Un syst\u00e8me de stockage par drive de 200 palettes a r\u00e9cemment \u00e9t\u00e9 install\u00e9 dans le nouvel entrep\u00f4t.<\/p>\t\t\t\t\t\t\t\t<\/div>\n\t\t\t\t<\/div>\n\t\t\t\t<div class=\"elementor-element elementor-element-b842331 elementor-widget elementor-widget-heading\" data-id=\"b842331\" data-element_type=\"widget\" data-e-type=\"widget\" data-widget_type=\"heading.default\">\n\t\t\t\t<div class=\"elementor-widget-container\">\n\t\t\t\t\t<h3 class=\"elementor-heading-title elementor-size-default\">Conditionnement<\/h3>\t\t\t\t<\/div>\n\t\t\t\t<\/div>\n\t\t\t\t<div class=\"elementor-element elementor-element-b6f2ab6 elementor-widget-divider--view-line elementor-widget elementor-widget-divider\" data-id=\"b6f2ab6\" data-element_type=\"widget\" data-e-type=\"widget\" data-widget_type=\"divider.default\">\n\t\t\t\t<div class=\"elementor-widget-container\">\n\t\t\t\t\t\t\t<div class=\"elementor-divider\">\n\t\t\t<span class=\"elementor-divider-separator\">\n\t\t\t\t\t\t<\/span>\n\t\t<\/div>\n\t\t\t\t\t\t<\/div>\n\t\t\t\t<\/div>\n\t\t\t\t<div class=\"elementor-element elementor-element-8b2d230 elementor-widget__width-initial elementor-widget elementor-widget-text-editor\" data-id=\"8b2d230\" data-element_type=\"widget\" data-e-type=\"widget\" data-widget_type=\"text-editor.default\">\n\t\t\t\t<div class=\"elementor-widget-container\">\n\t\t\t\t\t\t\t\t\t<p>Dans l\u2019atelier de conditionnement, <strong>7 lignes conditionnent 24h sur 24 tout type d\u2019emballage<\/strong>. Nous sommes en mesure d\u2019offrir \u00e0 nos clients une vaste gamme de sacs et sachets de tout poids et forme. Les nouveaux palettiseurs automatiques conditionnent les emballages tout en r\u00e9duisant les temps d\u2019attente pour l\u2019exp\u00e9dition.<\/p>\t\t\t\t\t\t\t\t<\/div>\n\t\t\t\t<\/div>\n\t\t\t\t<div class=\"elementor-element elementor-element-65d8e8b elementor-widget elementor-widget-heading\" data-id=\"65d8e8b\" data-element_type=\"widget\" data-e-type=\"widget\" data-widget_type=\"heading.default\">\n\t\t\t\t<div class=\"elementor-widget-container\">\n\t\t\t\t\t<h3 class=\"elementor-heading-title elementor-size-default\">Exp\u00e9dition<\/h3>\t\t\t\t<\/div>\n\t\t\t\t<\/div>\n\t\t\t\t<div class=\"elementor-element elementor-element-14ad95f elementor-widget-divider--view-line elementor-widget elementor-widget-divider\" data-id=\"14ad95f\" data-element_type=\"widget\" data-e-type=\"widget\" data-widget_type=\"divider.default\">\n\t\t\t\t<div class=\"elementor-widget-container\">\n\t\t\t\t\t\t\t<div class=\"elementor-divider\">\n\t\t\t<span class=\"elementor-divider-separator\">\n\t\t\t\t\t\t<\/span>\n\t\t<\/div>\n\t\t\t\t\t\t<\/div>\n\t\t\t\t<\/div>\n\t\t\t\t<div class=\"elementor-element elementor-element-2854deb elementor-widget__width-initial elementor-widget elementor-widget-text-editor\" data-id=\"2854deb\" data-element_type=\"widget\" data-e-type=\"widget\" data-widget_type=\"text-editor.default\">\n\t\t\t\t<div class=\"elementor-widget-container\">\n\t\t\t\t\t\t\t\t\tGr\u00e2ce \u00e0 notre logistique tr\u00e8s performante, nous pouvons envoyer rapidement nos produits dans le monde entier, tout en conservant leur int\u00e9grit\u00e9 et qualit\u00e9.\t\t\t\t\t\t\t\t<\/div>\n\t\t\t\t<\/div>\n\t\t\t\t<\/div>\n\t\t<div class=\"elementor-element elementor-element-f7f826f e-con-full e-flex e-con e-child\" data-id=\"f7f826f\" data-element_type=\"container\" data-e-type=\"container\">\n\t\t\t\t<div class=\"elementor-element elementor-element-6e16d76 elementor-widget__width-initial elementor-widget elementor-widget-image\" data-id=\"6e16d76\" data-element_type=\"widget\" data-e-type=\"widget\" data-widget_type=\"image.default\">\n\t\t\t\t<div class=\"elementor-widget-container\">\n\t\t\t\t\t\t\t\t\t\t\t\t\t\t\t<img loading=\"lazy\" decoding=\"async\" width=\"1024\" height=\"768\" src=\"https:\/\/www.agrover.it\/wp-content\/uploads\/2025\/10\/Agrover-Reparto-1024x768.jpg\" class=\"attachment-large size-large wp-image-2726\" alt=\"Agrover Reparto\" srcset=\"https:\/\/www.agrover.it\/wp-content\/uploads\/2025\/10\/Agrover-Reparto-1024x768.jpg 1024w, https:\/\/www.agrover.it\/wp-content\/uploads\/2025\/10\/Agrover-Reparto-300x225.jpg 300w, https:\/\/www.agrover.it\/wp-content\/uploads\/2025\/10\/Agrover-Reparto-768x576.jpg 768w, https:\/\/www.agrover.it\/wp-content\/uploads\/2025\/10\/Agrover-Reparto.jpg 1200w\" sizes=\"(max-width: 1024px) 100vw, 1024px\" \/>\t\t\t\t\t\t\t\t\t\t\t\t\t\t\t<\/div>\n\t\t\t\t<\/div>\n\t\t\t\t<\/div>\n\t\t\t\t\t<\/div>\n\t\t\t\t<\/div>\n\t\t\t\t<\/div>\n\t\t","protected":false},"excerpt":{"rendered":"<p>TECHNOLOGIE AU SERVICE DU PRODUIT Remise La mati\u00e8re premi\u00e8re qui vient d\u2019exploitations agricoles soigneusement s\u00e9lectionn\u00e9es en Italie et dans le monde entier, avant d\u2019\u00eatre transform\u00e9e est contr\u00f4l\u00e9e par notre laboratoire d\u2019analyse. La tra\u00e7abilit\u00e9 du riz assure un produit de haute qualit\u00e9. Usinage Dans l\u2019atelier d\u2019usinage, des machines de nouvelle g\u00e9n\u00e9ration permettent de transformer des grandes &#8230; <a title=\"Usinages\" class=\"read-more\" href=\"https:\/\/www.agrover.it\/fr\/usinages\/\" aria-label=\"En savoir plus sur Usinages\">Lire la suite<\/a><\/p>\n","protected":false},"author":1,"featured_media":0,"parent":0,"menu_order":0,"comment_status":"closed","ping_status":"closed","template":"elementor_header_footer","meta":{"_acf_changed":false,"footnotes":""},"class_list":["post-2715","page","type-page","status-publish"],"acf":[],"_links":{"self":[{"href":"https:\/\/www.agrover.it\/fr\/wp-json\/wp\/v2\/pages\/2715","targetHints":{"allow":["GET"]}}],"collection":[{"href":"https:\/\/www.agrover.it\/fr\/wp-json\/wp\/v2\/pages"}],"about":[{"href":"https:\/\/www.agrover.it\/fr\/wp-json\/wp\/v2\/types\/page"}],"author":[{"embeddable":true,"href":"https:\/\/www.agrover.it\/fr\/wp-json\/wp\/v2\/users\/1"}],"replies":[{"embeddable":true,"href":"https:\/\/www.agrover.it\/fr\/wp-json\/wp\/v2\/comments?post=2715"}],"version-history":[{"count":10,"href":"https:\/\/www.agrover.it\/fr\/wp-json\/wp\/v2\/pages\/2715\/revisions"}],"predecessor-version":[{"id":3198,"href":"https:\/\/www.agrover.it\/fr\/wp-json\/wp\/v2\/pages\/2715\/revisions\/3198"}],"wp:attachment":[{"href":"https:\/\/www.agrover.it\/fr\/wp-json\/wp\/v2\/media?parent=2715"}],"curies":[{"name":"wp","href":"https:\/\/api.w.org\/{rel}","templated":true}]}}