{"id":2675,"date":"2025-02-21T15:45:24","date_gmt":"2025-02-21T14:45:24","guid":{"rendered":"https:\/\/www.agrover.it\/qualita\/"},"modified":"2025-11-06T16:20:48","modified_gmt":"2025-11-06T15:20:48","slug":"qualite","status":"publish","type":"page","link":"https:\/\/www.agrover.it\/fr\/qualite\/","title":{"rendered":"Qualit\u00e9"},"content":{"rendered":"\t\t<div data-elementor-type=\"wp-page\" data-elementor-id=\"2675\" class=\"elementor elementor-2675 elementor-335\" data-elementor-post-type=\"page\">\n\t\t\t\t<div class=\"elementor-element elementor-element-dc2a4f2 e-flex e-con-boxed e-con e-parent\" data-id=\"dc2a4f2\" data-element_type=\"container\" data-e-type=\"container\" data-settings=\"{&quot;background_background&quot;:&quot;classic&quot;,&quot;shape_divider_bottom&quot;:&quot;curve&quot;}\">\n\t\t\t\t\t<div class=\"e-con-inner\">\n\t\t\t\t<div class=\"elementor-shape elementor-shape-bottom\" aria-hidden=\"true\" data-negative=\"false\">\n\t\t\t<svg xmlns=\"http:\/\/www.w3.org\/2000\/svg\" viewBox=\"0 0 1000 100\" preserveAspectRatio=\"none\">\n    <path class=\"elementor-shape-fill\" d=\"M1000,4.3V0H0v4.3C0.9,23.1,126.7,99.2,500,100S1000,22.7,1000,4.3z\"\/>\n<\/svg>\t\t<\/div>\n\t\t\t\t<div class=\"elementor-element elementor-element-ed7be66 elementor-widget__width-initial elementor-widget-tablet__width-initial elementor-widget elementor-widget-heading\" data-id=\"ed7be66\" data-element_type=\"widget\" data-e-type=\"widget\" data-widget_type=\"heading.default\">\n\t\t\t\t<div class=\"elementor-widget-container\">\n\t\t\t\t\t<h1 class=\"elementor-heading-title elementor-size-default\">LA QUALIT\u00c9 COMMENCE <br>PAR LA TERRE<\/h1>\t\t\t\t<\/div>\n\t\t\t\t<\/div>\n\t\t\t\t\t<\/div>\n\t\t\t\t<\/div>\n\t\t<div class=\"elementor-element elementor-element-78c40e5a e-flex e-con-boxed e-con e-parent\" data-id=\"78c40e5a\" data-element_type=\"container\" data-e-type=\"container\">\n\t\t\t\t\t<div class=\"e-con-inner\">\n\t\t<div class=\"elementor-element elementor-element-3b1f80ff e-con-full e-flex e-con e-child\" data-id=\"3b1f80ff\" data-element_type=\"container\" data-e-type=\"container\">\n\t\t\t\t<div class=\"elementor-element elementor-element-58fc036a elementor-widget elementor-widget-heading\" data-id=\"58fc036a\" data-element_type=\"widget\" data-e-type=\"widget\" data-widget_type=\"heading.default\">\n\t\t\t\t<div class=\"elementor-widget-container\">\n\t\t\t\t\t<h3 class=\"elementor-heading-title elementor-size-default\">S\u00e9lection de riz paddy<\/h3>\t\t\t\t<\/div>\n\t\t\t\t<\/div>\n\t\t\t\t<div class=\"elementor-element elementor-element-f9f3d28 elementor-widget-divider--view-line elementor-widget elementor-widget-divider\" data-id=\"f9f3d28\" data-element_type=\"widget\" data-e-type=\"widget\" data-widget_type=\"divider.default\">\n\t\t\t\t<div class=\"elementor-widget-container\">\n\t\t\t\t\t\t\t<div class=\"elementor-divider\">\n\t\t\t<span class=\"elementor-divider-separator\">\n\t\t\t\t\t\t<\/span>\n\t\t<\/div>\n\t\t\t\t\t\t<\/div>\n\t\t\t\t<\/div>\n\t\t\t\t<div class=\"elementor-element elementor-element-6bc3540e elementor-widget__width-initial elementor-widget elementor-widget-text-editor\" data-id=\"6bc3540e\" data-element_type=\"widget\" data-e-type=\"widget\" data-widget_type=\"text-editor.default\">\n\t\t\t\t<div class=\"elementor-widget-container\">\n\t\t\t\t\t\t\t\t\t<p>Chaque jour la <strong>mati\u00e8re premi\u00e8re<\/strong> est <strong>s\u00e9lectionn\u00e9e<\/strong> et <strong>contr\u00f4l\u00e9e<\/strong> dans notre laboratoire d\u2019analyse, tout en <strong>suivant des protocoles rigoureux<\/strong> pour assurer une qualit\u00e9 qui tient en consid\u00e9ration les exigences du march\u00e9 et les lois du commerce internationale.<\/p>\t\t\t\t\t\t\t\t<\/div>\n\t\t\t\t<\/div>\n\t\t\t\t<div class=\"elementor-element elementor-element-85bed35 elementor-widget elementor-widget-heading\" data-id=\"85bed35\" data-element_type=\"widget\" data-e-type=\"widget\" data-widget_type=\"heading.default\">\n\t\t\t\t<div class=\"elementor-widget-container\">\n\t\t\t\t\t<h3 class=\"elementor-heading-title elementor-size-default\">La fili\u00e8re<\/h3>\t\t\t\t<\/div>\n\t\t\t\t<\/div>\n\t\t\t\t<div class=\"elementor-element elementor-element-0452004 elementor-widget-divider--view-line elementor-widget elementor-widget-divider\" data-id=\"0452004\" data-element_type=\"widget\" data-e-type=\"widget\" data-widget_type=\"divider.default\">\n\t\t\t\t<div class=\"elementor-widget-container\">\n\t\t\t\t\t\t\t<div class=\"elementor-divider\">\n\t\t\t<span class=\"elementor-divider-separator\">\n\t\t\t\t\t\t<\/span>\n\t\t<\/div>\n\t\t\t\t\t\t<\/div>\n\t\t\t\t<\/div>\n\t\t\t\t<div class=\"elementor-element elementor-element-717582e4 elementor-widget__width-initial elementor-widget elementor-widget-text-editor\" data-id=\"717582e4\" data-element_type=\"widget\" data-e-type=\"widget\" data-widget_type=\"text-editor.default\">\n\t\t\t\t<div class=\"elementor-widget-container\">\n\t\t\t\t\t\t\t\t\t<p>La s\u00e9lection des producteurs est fondamentale pour nous, en particulier pour notre ligne BIO, sans pesticides et produits chimiques. D\u00e8s 2016 nous avons commenc\u00e9 une <strong>s\u00e9lection s\u00e9rieuse et attente des exploitations agricoles<\/strong> o\u00f9 nous achetons la mati\u00e8re premi\u00e8re.<\/p>\t\t\t\t\t\t\t\t<\/div>\n\t\t\t\t<\/div>\n\t\t\t\t<div class=\"elementor-element elementor-element-3430868 elementor-widget elementor-widget-heading\" data-id=\"3430868\" data-element_type=\"widget\" data-e-type=\"widget\" data-widget_type=\"heading.default\">\n\t\t\t\t<div class=\"elementor-widget-container\">\n\t\t\t\t\t<h3 class=\"elementor-heading-title elementor-size-default\">Nos certifications<\/h3>\t\t\t\t<\/div>\n\t\t\t\t<\/div>\n\t\t\t\t<div class=\"elementor-element elementor-element-afdef03 elementor-widget-divider--view-line elementor-widget elementor-widget-divider\" data-id=\"afdef03\" data-element_type=\"widget\" data-e-type=\"widget\" data-widget_type=\"divider.default\">\n\t\t\t\t<div class=\"elementor-widget-container\">\n\t\t\t\t\t\t\t<div class=\"elementor-divider\">\n\t\t\t<span class=\"elementor-divider-separator\">\n\t\t\t\t\t\t<\/span>\n\t\t<\/div>\n\t\t\t\t\t\t<\/div>\n\t\t\t\t<\/div>\n\t\t\t\t<div class=\"elementor-element elementor-element-a1276fb elementor-widget__width-initial elementor-widget elementor-widget-text-editor\" data-id=\"a1276fb\" data-element_type=\"widget\" data-e-type=\"widget\" data-widget_type=\"text-editor.default\">\n\t\t\t\t<div class=\"elementor-widget-container\">\n\t\t\t\t\t\t\t\t\t<p><strong>BRCGS Global Standard for Food Safety, IFS FOOD.<\/strong> Nous sommes certifi\u00e9s comme pr\u00e9parateur et importateur de riz biologique de <strong>BIOAGRICERT<\/strong>. Nous sommes \u00e9galement certifi\u00e9s par <strong>Fairtrade International<\/strong>, un organisme qui garantit les meilleures conditions de vie et de travail pour les agriculteurs et les travailleurs des pays en voie de d\u00e9veloppement.<br \/>Depuis f\u00e9vrier 2019, l&rsquo;Union des congr\u00e9gations juives orthodoxes d&rsquo;Am\u00e9rique a <strong>attribu\u00e9 la certification casher aux produits Agrover.<\/strong><\/p>\t\t\t\t\t\t\t\t<\/div>\n\t\t\t\t<\/div>\n\t\t\t\t<div class=\"elementor-element elementor-element-3a6e26d elementor-widget__width-initial elementor-widget-mobile__width-initial elementor-widget elementor-widget-image-gallery\" data-id=\"3a6e26d\" data-element_type=\"widget\" data-e-type=\"widget\" data-widget_type=\"image-gallery.default\">\n\t\t\t\t<div class=\"elementor-widget-container\">\n\t\t\t\t\t\t\t<div class=\"elementor-image-gallery\">\n\t\t\t<div id='gallery-1' class='gallery galleryid-2675 gallery-columns-5 gallery-size-full'><figure class='gallery-item'>\n\t\t\t<div class='gallery-icon landscape'>\n\t\t\t\t<a data-elementor-open-lightbox=\"no\" href='https:\/\/www.agrover.it\/wp-content\/uploads\/2025\/09\/BRC.jpg'><img fetchpriority=\"high\" decoding=\"async\" width=\"350\" height=\"350\" src=\"https:\/\/www.agrover.it\/wp-content\/uploads\/2025\/09\/BRC.jpg\" class=\"attachment-full size-full\" alt=\"BRC\" aria-describedby=\"gallery-1-2684\" srcset=\"https:\/\/www.agrover.it\/wp-content\/uploads\/2025\/09\/BRC.jpg 350w, https:\/\/www.agrover.it\/wp-content\/uploads\/2025\/09\/BRC-300x300.jpg 300w, https:\/\/www.agrover.it\/wp-content\/uploads\/2025\/09\/BRC-150x150.jpg 150w\" sizes=\"(max-width: 350px) 100vw, 350px\" \/><\/a>\n\t\t\t<\/div>\n\t\t\t\t<figcaption class='wp-caption-text gallery-caption' id='gallery-1-2684'>\n\t\t\t\tBRC\n\t\t\t\t<\/figcaption><\/figure><figure class='gallery-item'>\n\t\t\t<div class='gallery-icon landscape'>\n\t\t\t\t<a data-elementor-open-lightbox=\"no\" href='https:\/\/www.agrover.it\/wp-content\/uploads\/2025\/09\/aaaaaaa.jpg'><img decoding=\"async\" width=\"350\" height=\"350\" src=\"https:\/\/www.agrover.it\/wp-content\/uploads\/2025\/09\/aaaaaaa.jpg\" class=\"attachment-full size-full\" alt=\"IFS\" aria-describedby=\"gallery-1-2685\" srcset=\"https:\/\/www.agrover.it\/wp-content\/uploads\/2025\/09\/aaaaaaa.jpg 350w, https:\/\/www.agrover.it\/wp-content\/uploads\/2025\/09\/aaaaaaa-300x300.jpg 300w, https:\/\/www.agrover.it\/wp-content\/uploads\/2025\/09\/aaaaaaa-150x150.jpg 150w\" sizes=\"(max-width: 350px) 100vw, 350px\" \/><\/a>\n\t\t\t<\/div>\n\t\t\t\t<figcaption class='wp-caption-text gallery-caption' id='gallery-1-2685'>\n\t\t\t\tIFS\n\t\t\t\t<\/figcaption><\/figure><figure class='gallery-item'>\n\t\t\t<div class='gallery-icon landscape'>\n\t\t\t\t<a data-elementor-open-lightbox=\"no\" href='https:\/\/www.agrover.it\/wp-content\/uploads\/2025\/09\/aa.jpg'><img decoding=\"async\" width=\"350\" height=\"350\" src=\"https:\/\/www.agrover.it\/wp-content\/uploads\/2025\/09\/aa.jpg\" class=\"attachment-full size-full\" alt=\"kosher\" aria-describedby=\"gallery-1-2686\" srcset=\"https:\/\/www.agrover.it\/wp-content\/uploads\/2025\/09\/aa.jpg 350w, https:\/\/www.agrover.it\/wp-content\/uploads\/2025\/09\/aa-300x300.jpg 300w, https:\/\/www.agrover.it\/wp-content\/uploads\/2025\/09\/aa-150x150.jpg 150w\" sizes=\"(max-width: 350px) 100vw, 350px\" \/><\/a>\n\t\t\t<\/div>\n\t\t\t\t<figcaption class='wp-caption-text gallery-caption' id='gallery-1-2686'>\n\t\t\t\tkosher\n\t\t\t\t<\/figcaption><\/figure><figure class='gallery-item'>\n\t\t\t<div class='gallery-icon landscape'>\n\t\t\t\t<a data-elementor-open-lightbox=\"no\" href='https:\/\/www.agrover.it\/wp-content\/uploads\/2025\/09\/a.jpg'><img loading=\"lazy\" decoding=\"async\" width=\"350\" height=\"350\" src=\"https:\/\/www.agrover.it\/wp-content\/uploads\/2025\/09\/a.jpg\" class=\"attachment-full size-full\" alt=\"riso-italiano\" aria-describedby=\"gallery-1-2687\" srcset=\"https:\/\/www.agrover.it\/wp-content\/uploads\/2025\/09\/a.jpg 350w, https:\/\/www.agrover.it\/wp-content\/uploads\/2025\/09\/a-300x300.jpg 300w, https:\/\/www.agrover.it\/wp-content\/uploads\/2025\/09\/a-150x150.jpg 150w\" sizes=\"(max-width: 350px) 100vw, 350px\" \/><\/a>\n\t\t\t<\/div>\n\t\t\t\t<figcaption class='wp-caption-text gallery-caption' id='gallery-1-2687'>\n\t\t\t\triso-italiano\n\t\t\t\t<\/figcaption><\/figure><figure class='gallery-item'>\n\t\t\t<div class='gallery-icon landscape'>\n\t\t\t\t<a data-elementor-open-lightbox=\"no\" href='https:\/\/www.agrover.it\/wp-content\/uploads\/2025\/09\/aaaa.jpg'><img loading=\"lazy\" decoding=\"async\" width=\"350\" height=\"350\" src=\"https:\/\/www.agrover.it\/wp-content\/uploads\/2025\/09\/aaaa.jpg\" class=\"attachment-full size-full\" alt=\"ecovadis\" aria-describedby=\"gallery-1-2688\" srcset=\"https:\/\/www.agrover.it\/wp-content\/uploads\/2025\/09\/aaaa.jpg 350w, https:\/\/www.agrover.it\/wp-content\/uploads\/2025\/09\/aaaa-300x300.jpg 300w, https:\/\/www.agrover.it\/wp-content\/uploads\/2025\/09\/aaaa-150x150.jpg 150w\" sizes=\"(max-width: 350px) 100vw, 350px\" \/><\/a>\n\t\t\t<\/div>\n\t\t\t\t<figcaption class='wp-caption-text gallery-caption' id='gallery-1-2688'>\n\t\t\t\tecovadis\n\t\t\t\t<\/figcaption><\/figure>\n\t\t<\/div>\n\t\t<\/div>\n\t\t\t\t\t\t<\/div>\n\t\t\t\t<\/div>\n\t\t\t\t<div class=\"elementor-element elementor-element-bcc271c elementor-widget elementor-widget-heading\" data-id=\"bcc271c\" data-element_type=\"widget\" data-e-type=\"widget\" data-widget_type=\"heading.default\">\n\t\t\t\t<div class=\"elementor-widget-container\">\n\t\t\t\t\t<h3 class=\"elementor-heading-title elementor-size-default\">Organique<\/h3>\t\t\t\t<\/div>\n\t\t\t\t<\/div>\n\t\t\t\t<div class=\"elementor-element elementor-element-0a2445a elementor-widget-divider--view-line elementor-widget elementor-widget-divider\" data-id=\"0a2445a\" data-element_type=\"widget\" data-e-type=\"widget\" data-widget_type=\"divider.default\">\n\t\t\t\t<div class=\"elementor-widget-container\">\n\t\t\t\t\t\t\t<div class=\"elementor-divider\">\n\t\t\t<span class=\"elementor-divider-separator\">\n\t\t\t\t\t\t<\/span>\n\t\t<\/div>\n\t\t\t\t\t\t<\/div>\n\t\t\t\t<\/div>\n\t\t\t\t<div class=\"elementor-element elementor-element-af74f57 elementor-widget__width-initial elementor-widget elementor-widget-text-editor\" data-id=\"af74f57\" data-element_type=\"widget\" data-e-type=\"widget\" data-widget_type=\"text-editor.default\">\n\t\t\t\t<div class=\"elementor-widget-container\">\n\t\t\t\t\t\t\t\t\t<p>L\u2019agriculture biologique est une m\u00e9thode de production agricole <strong>compl\u00e8tement<\/strong> <strong>naturelle<\/strong> qui permet de r\u00e9duire au minimum l\u2019impact sur l\u2019environnement. L\u2019usage de fertilisants d\u2019origine organique au lieu de fertilisants et pesticides d\u2019origine synth\u00e9tiques, herbicides, insecticides et organismes g\u00e9n\u00e9tiquement modifi\u00e9s assure <strong>l\u2019authenticit\u00e9 totale et la qualit\u00e9 du produit<\/strong>. L\u2019objectif est celui de promouvoir des cultivations qui <strong>respectent les biodiversit\u00e9s<\/strong> avec une connaissance profonde des param\u00e8tres physiologiques des zones de cultivation. L\u2019authenticit\u00e9 du riz biologique est soigneusement contr\u00f4l\u00e9e par des <strong>organismes autoris\u00e9s par l\u2019\u00e9tat<\/strong> qui en certifient les caract\u00e9ristiques, tout en assurant le respect des normes biologiques au cours de la cultivation. Chaque jour nous nous assurons que le riz biologique que nous achetons en Italie et dans le monde tout entier est cultiv\u00e9 selon ces param\u00e8tres ; pour nos lignes BIO (en vrac ou en sachets) nous nous en remettons seulement \u00e0 des <strong>cultivateurs certifi\u00e9s.<\/strong><\/p>\t\t\t\t\t\t\t\t<\/div>\n\t\t\t\t<\/div>\n\t\t\t\t<div class=\"elementor-element elementor-element-af3d6cb elementor-widget__width-initial elementor-widget elementor-widget-image-gallery\" data-id=\"af3d6cb\" data-element_type=\"widget\" data-e-type=\"widget\" data-widget_type=\"image-gallery.default\">\n\t\t\t\t<div class=\"elementor-widget-container\">\n\t\t\t\t\t\t\t<div class=\"elementor-image-gallery\">\n\t\t\t<div id='gallery-2' class='gallery galleryid-2675 gallery-columns-5 gallery-size-full'><figure class='gallery-item'>\n\t\t\t<div class='gallery-icon portrait'>\n\t\t\t\t<a data-elementor-open-lightbox=\"no\" href='https:\/\/www.agrover.it\/wp-content\/uploads\/2025\/09\/Bioagricert-1.jpg'><img loading=\"lazy\" decoding=\"async\" width=\"320\" height=\"340\" src=\"https:\/\/www.agrover.it\/wp-content\/uploads\/2025\/09\/Bioagricert-1.jpg\" class=\"attachment-full size-full\" alt=\"Bioagricert\" aria-describedby=\"gallery-2-2689\" srcset=\"https:\/\/www.agrover.it\/wp-content\/uploads\/2025\/09\/Bioagricert-1.jpg 320w, https:\/\/www.agrover.it\/wp-content\/uploads\/2025\/09\/Bioagricert-1-282x300.jpg 282w\" sizes=\"(max-width: 320px) 100vw, 320px\" \/><\/a>\n\t\t\t<\/div>\n\t\t\t\t<figcaption class='wp-caption-text gallery-caption' id='gallery-2-2689'>\n\t\t\t\tBioagricert\n\t\t\t\t<\/figcaption><\/figure><figure class='gallery-item'>\n\t\t\t<div class='gallery-icon portrait'>\n\t\t\t\t<a data-elementor-open-lightbox=\"no\" href='https:\/\/www.agrover.it\/wp-content\/uploads\/2025\/09\/fairtrade.jpg'><img loading=\"lazy\" decoding=\"async\" width=\"320\" height=\"340\" src=\"https:\/\/www.agrover.it\/wp-content\/uploads\/2025\/09\/fairtrade.jpg\" class=\"attachment-full size-full\" alt=\"fairtrade\" aria-describedby=\"gallery-2-2690\" srcset=\"https:\/\/www.agrover.it\/wp-content\/uploads\/2025\/09\/fairtrade.jpg 320w, https:\/\/www.agrover.it\/wp-content\/uploads\/2025\/09\/fairtrade-282x300.jpg 282w\" sizes=\"(max-width: 320px) 100vw, 320px\" \/><\/a>\n\t\t\t<\/div>\n\t\t\t\t<figcaption class='wp-caption-text gallery-caption' id='gallery-2-2690'>\n\t\t\t\tfairtrade\n\t\t\t\t<\/figcaption><\/figure>\n\t\t<\/div>\n\t\t<\/div>\n\t\t\t\t\t\t<\/div>\n\t\t\t\t<\/div>\n\t\t\t\t<\/div>\n\t\t\t\t\t<\/div>\n\t\t\t\t<\/div>\n\t\t\t\t<\/div>\n\t\t","protected":false},"excerpt":{"rendered":"<p>LA QUALIT\u00c9 COMMENCE PAR LA TERRE S\u00e9lection de riz paddy Chaque jour la mati\u00e8re premi\u00e8re est s\u00e9lectionn\u00e9e et contr\u00f4l\u00e9e dans notre laboratoire d\u2019analyse, tout en suivant des protocoles rigoureux pour assurer une qualit\u00e9 qui tient en consid\u00e9ration les exigences du march\u00e9 et les lois du commerce internationale. La fili\u00e8re La s\u00e9lection des producteurs est fondamentale &#8230; <a title=\"Qualit\u00e9\" class=\"read-more\" href=\"https:\/\/www.agrover.it\/fr\/qualite\/\" aria-label=\"En savoir plus sur Qualit\u00e9\">Lire la suite<\/a><\/p>\n","protected":false},"author":1,"featured_media":0,"parent":0,"menu_order":0,"comment_status":"closed","ping_status":"closed","template":"elementor_header_footer","meta":{"_acf_changed":false,"footnotes":""},"class_list":["post-2675","page","type-page","status-publish"],"acf":[],"_links":{"self":[{"href":"https:\/\/www.agrover.it\/fr\/wp-json\/wp\/v2\/pages\/2675","targetHints":{"allow":["GET"]}}],"collection":[{"href":"https:\/\/www.agrover.it\/fr\/wp-json\/wp\/v2\/pages"}],"about":[{"href":"https:\/\/www.agrover.it\/fr\/wp-json\/wp\/v2\/types\/page"}],"author":[{"embeddable":true,"href":"https:\/\/www.agrover.it\/fr\/wp-json\/wp\/v2\/users\/1"}],"replies":[{"embeddable":true,"href":"https:\/\/www.agrover.it\/fr\/wp-json\/wp\/v2\/comments?post=2675"}],"version-history":[{"count":4,"href":"https:\/\/www.agrover.it\/fr\/wp-json\/wp\/v2\/pages\/2675\/revisions"}],"predecessor-version":[{"id":2948,"href":"https:\/\/www.agrover.it\/fr\/wp-json\/wp\/v2\/pages\/2675\/revisions\/2948"}],"wp:attachment":[{"href":"https:\/\/www.agrover.it\/fr\/wp-json\/wp\/v2\/media?parent=2675"}],"curies":[{"name":"wp","href":"https:\/\/api.w.org\/{rel}","templated":true}]}}