{"id":2623,"date":"2025-02-20T14:10:50","date_gmt":"2025-02-20T13:10:50","guid":{"rendered":"https:\/\/www.agrover.it\/azienda-mercati\/"},"modified":"2025-11-06T15:57:18","modified_gmt":"2025-11-06T14:57:18","slug":"enterprise-marches","status":"publish","type":"page","link":"https:\/\/www.agrover.it\/fr\/enterprise-marches\/","title":{"rendered":"Enterprise &#8211; march\u00e9s"},"content":{"rendered":"\t\t<div data-elementor-type=\"wp-page\" data-elementor-id=\"2623\" class=\"elementor elementor-2623 elementor-218\" data-elementor-post-type=\"page\">\n\t\t\t\t<div class=\"elementor-element elementor-element-209501a e-flex e-con-boxed e-con e-parent\" data-id=\"209501a\" data-element_type=\"container\" data-e-type=\"container\" data-settings=\"{&quot;background_background&quot;:&quot;classic&quot;,&quot;shape_divider_bottom&quot;:&quot;curve&quot;}\">\n\t\t\t\t\t<div class=\"e-con-inner\">\n\t\t\t\t<div class=\"elementor-shape elementor-shape-bottom\" aria-hidden=\"true\" data-negative=\"false\">\n\t\t\t<svg xmlns=\"http:\/\/www.w3.org\/2000\/svg\" viewBox=\"0 0 1000 100\" preserveAspectRatio=\"none\">\n    <path class=\"elementor-shape-fill\" d=\"M1000,4.3V0H0v4.3C0.9,23.1,126.7,99.2,500,100S1000,22.7,1000,4.3z\"\/>\n<\/svg>\t\t<\/div>\n\t\t\t\t<div class=\"elementor-element elementor-element-8308c97 elementor-widget__width-initial elementor-widget-tablet__width-initial elementor-widget elementor-widget-heading\" data-id=\"8308c97\" data-element_type=\"widget\" data-e-type=\"widget\" data-widget_type=\"heading.default\">\n\t\t\t\t<div class=\"elementor-widget-container\">\n\t\t\t\t\t<h1 class=\"elementor-heading-title elementor-size-default\">LE RIZ EST <br> NOTRE MONDE<\/h1>\t\t\t\t<\/div>\n\t\t\t\t<\/div>\n\t\t\t\t\t<\/div>\n\t\t\t\t<\/div>\n\t\t<div class=\"elementor-element elementor-element-b3ca9d6 e-flex e-con-boxed e-con e-parent\" data-id=\"b3ca9d6\" data-element_type=\"container\" data-e-type=\"container\">\n\t\t\t\t\t<div class=\"e-con-inner\">\n\t\t<div class=\"elementor-element elementor-element-7b20e0d e-con-full e-flex e-con e-child\" data-id=\"7b20e0d\" data-element_type=\"container\" data-e-type=\"container\">\n\t\t\t\t<div class=\"elementor-element elementor-element-b40e207 elementor-widget elementor-widget-heading\" data-id=\"b40e207\" data-element_type=\"widget\" data-e-type=\"widget\" data-widget_type=\"heading.default\">\n\t\t\t\t<div class=\"elementor-widget-container\">\n\t\t\t\t\t<h2 class=\"elementor-heading-title elementor-size-default\">DE L'ITALIE AU MONDE ENTIER<\/h2>\t\t\t\t<\/div>\n\t\t\t\t<\/div>\n\t\t\t\t<div class=\"elementor-element elementor-element-e628e33 elementor-widget-divider--view-line elementor-widget elementor-widget-divider\" data-id=\"e628e33\" data-element_type=\"widget\" data-e-type=\"widget\" data-widget_type=\"divider.default\">\n\t\t\t\t<div class=\"elementor-widget-container\">\n\t\t\t\t\t\t\t<div class=\"elementor-divider\">\n\t\t\t<span class=\"elementor-divider-separator\">\n\t\t\t\t\t\t<\/span>\n\t\t<\/div>\n\t\t\t\t\t\t<\/div>\n\t\t\t\t<\/div>\n\t\t\t\t<div class=\"elementor-element elementor-element-29421d4 elementor-widget__width-initial elementor-widget elementor-widget-text-editor\" data-id=\"29421d4\" data-element_type=\"widget\" data-e-type=\"widget\" data-widget_type=\"text-editor.default\">\n\t\t\t\t<div class=\"elementor-widget-container\">\n\t\t\t\t\t\t\t\t\t<p>D\u00e8s les ann\u00e9es soixante du si\u00e8cle dernier, le choix d\u2019exporter nos riz \u00e0 l\u2019\u00e9tranger s\u2019est r\u00e9v\u00e9l\u00e9 gagnant. Nous sommes orgueilleux de porter<strong> le made in Italy dans le monde entier.<\/strong> Gr\u00e2ce \u00e0 une s\u00e9lection minutieuse des vari\u00e9t\u00e9s aromatiques (Basmati et Jasmine), <strong>la gamme de riz que nous transformons est compl\u00e8te.<\/strong> Nos produits sont vendus dans <strong>40 pays sur tous les continents.<\/strong><\/p>\t\t\t\t\t\t\t\t<\/div>\n\t\t\t\t<\/div>\n\t\t\t\t<div class=\"elementor-element elementor-element-1de29e0 elementor-widget elementor-widget-heading\" data-id=\"1de29e0\" data-element_type=\"widget\" data-e-type=\"widget\" data-widget_type=\"heading.default\">\n\t\t\t\t<div class=\"elementor-widget-container\">\n\t\t\t\t\t<h2 class=\"elementor-heading-title elementor-size-default\">Nos produits sont distribu\u00e9s ici:<\/h2>\t\t\t\t<\/div>\n\t\t\t\t<\/div>\n\t\t\t\t<div class=\"elementor-element elementor-element-26eef60 elementor-widget elementor-widget-image\" data-id=\"26eef60\" data-element_type=\"widget\" data-e-type=\"widget\" data-widget_type=\"image.default\">\n\t\t\t\t<div class=\"elementor-widget-container\">\n\t\t\t\t\t\t\t\t\t\t\t\t\t\t\t<img fetchpriority=\"high\" decoding=\"async\" width=\"870\" height=\"475\" src=\"https:\/\/www.agrover.it\/wp-content\/uploads\/2025\/02\/planisfero.jpg\" class=\"attachment-large size-large wp-image-2625\" alt=\"\" srcset=\"https:\/\/www.agrover.it\/wp-content\/uploads\/2025\/02\/planisfero.jpg 870w, https:\/\/www.agrover.it\/wp-content\/uploads\/2025\/02\/planisfero-300x164.jpg 300w, https:\/\/www.agrover.it\/wp-content\/uploads\/2025\/02\/planisfero-768x419.jpg 768w\" sizes=\"(max-width: 870px) 100vw, 870px\" \/>\t\t\t\t\t\t\t\t\t\t\t\t\t\t\t<\/div>\n\t\t\t\t<\/div>\n\t\t\t\t<\/div>\n\t\t<div class=\"elementor-element elementor-element-afdd94c e-con-full e-flex e-con e-child\" data-id=\"afdd94c\" data-element_type=\"container\" data-e-type=\"container\">\n\t\t\t\t<div class=\"elementor-element elementor-element-ed04f55 elementor-widget elementor-widget-template\" data-id=\"ed04f55\" data-element_type=\"widget\" data-e-type=\"widget\" data-widget_type=\"template.default\">\n\t\t\t\t<div class=\"elementor-widget-container\">\n\t\t\t\t\t\t\t<div class=\"elementor-template\">\n\t\t\t\t\t<div data-elementor-type=\"section\" data-elementor-id=\"316\" class=\"elementor elementor-316\" data-elementor-post-type=\"elementor_library\">\n\t\t\t<div class=\"elementor-element elementor-element-0838da4 elementor-hidden-mobile e-flex e-con-boxed e-con e-parent\" data-id=\"0838da4\" data-element_type=\"container\" data-e-type=\"container\">\n\t\t\t\t\t<div class=\"e-con-inner\">\n\t\t\t\t<div class=\"elementor-element elementor-element-2fdc963 elementor-widget elementor-widget-heading\" data-id=\"2fdc963\" data-element_type=\"widget\" data-e-type=\"widget\" data-widget_type=\"heading.default\">\n\t\t\t\t<div class=\"elementor-widget-container\">\n\t\t\t\t\t<h3 class=\"elementor-heading-title elementor-size-default\">Azienda<\/h3>\t\t\t\t<\/div>\n\t\t\t\t<\/div>\n\t\t\t\t<div class=\"elementor-element elementor-element-a6faabe elementor-nav-menu--dropdown-none elementor-widget elementor-widget-nav-menu\" data-id=\"a6faabe\" data-element_type=\"widget\" data-e-type=\"widget\" data-settings=\"{&quot;layout&quot;:&quot;vertical&quot;,&quot;submenu_icon&quot;:{&quot;value&quot;:&quot;&lt;svg aria-hidden=\\&quot;true\\&quot; class=\\&quot;e-font-icon-svg e-fas-caret-down\\&quot; viewBox=\\&quot;0 0 320 512\\&quot; xmlns=\\&quot;http:\\\/\\\/www.w3.org\\\/2000\\\/svg\\&quot;&gt;&lt;path d=\\&quot;M31.3 192h257.3c17.8 0 26.7 21.5 14.1 34.1L174.1 354.8c-7.8 7.8-20.5 7.8-28.3 0L17.2 226.1C4.6 213.5 13.5 192 31.3 192z\\&quot;&gt;&lt;\\\/path&gt;&lt;\\\/svg&gt;&quot;,&quot;library&quot;:&quot;fa-solid&quot;}}\" data-widget_type=\"nav-menu.default\">\n\t\t\t\t<div class=\"elementor-widget-container\">\n\t\t\t\t\t\t\t\t<nav aria-label=\"Menu\" class=\"elementor-nav-menu--main elementor-nav-menu__container elementor-nav-menu--layout-vertical e--pointer-none\">\n\t\t\t\t<ul id=\"menu-1-a6faabe\" class=\"elementor-nav-menu sm-vertical\"><li class=\"menu-item menu-item-type-post_type menu-item-object-page menu-item-1239\"><a href=\"https:\/\/www.agrover.it\/azienda-storia\/\" data-ps2id-api=\"true\" class=\"elementor-item\">Enterprise &#8211; histoire<\/a><\/li>\n<li class=\"menu-item menu-item-type-post_type menu-item-object-page menu-item-1238\"><a href=\"https:\/\/www.agrover.it\/azienda-valori\/\" data-ps2id-api=\"true\" class=\"elementor-item\">Enterprise &#8211; valeurs<\/a><\/li>\n<li class=\"menu-item menu-item-type-post_type menu-item-object-page menu-item-1236\"><a href=\"https:\/\/www.agrover.it\/azienda-numeri\/\" data-ps2id-api=\"true\" class=\"elementor-item\">Enterprise &#8211; chiffres<\/a><\/li>\n<li class=\"menu-item menu-item-type-post_type menu-item-object-page menu-item-1237\"><a href=\"https:\/\/www.agrover.it\/azienda-mercati\/\" data-ps2id-api=\"true\" class=\"elementor-item\">Enterprise &#8211; march\u00e9s<\/a><\/li>\n<\/ul>\t\t\t<\/nav>\n\t\t\t\t\t\t<nav class=\"elementor-nav-menu--dropdown elementor-nav-menu__container\" aria-hidden=\"true\">\n\t\t\t\t<ul id=\"menu-2-a6faabe\" class=\"elementor-nav-menu sm-vertical\"><li class=\"menu-item menu-item-type-post_type menu-item-object-page menu-item-1239\"><a href=\"https:\/\/www.agrover.it\/azienda-storia\/\" data-ps2id-api=\"true\" class=\"elementor-item\" tabindex=\"-1\">Enterprise &#8211; histoire<\/a><\/li>\n<li class=\"menu-item menu-item-type-post_type menu-item-object-page menu-item-1238\"><a href=\"https:\/\/www.agrover.it\/azienda-valori\/\" data-ps2id-api=\"true\" class=\"elementor-item\" tabindex=\"-1\">Enterprise &#8211; valeurs<\/a><\/li>\n<li class=\"menu-item menu-item-type-post_type menu-item-object-page menu-item-1236\"><a href=\"https:\/\/www.agrover.it\/azienda-numeri\/\" data-ps2id-api=\"true\" class=\"elementor-item\" tabindex=\"-1\">Enterprise &#8211; chiffres<\/a><\/li>\n<li class=\"menu-item menu-item-type-post_type menu-item-object-page menu-item-1237\"><a href=\"https:\/\/www.agrover.it\/azienda-mercati\/\" data-ps2id-api=\"true\" class=\"elementor-item\" tabindex=\"-1\">Enterprise &#8211; march\u00e9s<\/a><\/li>\n<\/ul>\t\t\t<\/nav>\n\t\t\t\t\t\t<\/div>\n\t\t\t\t<\/div>\n\t\t\t\t\t<\/div>\n\t\t\t\t<\/div>\n\t\t\t\t<\/div>\n\t\t\t\t<\/div>\n\t\t\t\t\t\t<\/div>\n\t\t\t\t<\/div>\n\t\t\t\t<\/div>\n\t\t\t\t\t<\/div>\n\t\t\t\t<\/div>\n\t\t\t\t<\/div>\n\t\t","protected":false},"excerpt":{"rendered":"<p>LE RIZ EST NOTRE MONDE DE L&rsquo;ITALIE AU MONDE ENTIER D\u00e8s les ann\u00e9es soixante du si\u00e8cle dernier, le choix d\u2019exporter nos riz \u00e0 l\u2019\u00e9tranger s\u2019est r\u00e9v\u00e9l\u00e9 gagnant. Nous sommes orgueilleux de porter le made in Italy dans le monde entier. Gr\u00e2ce \u00e0 une s\u00e9lection minutieuse des vari\u00e9t\u00e9s aromatiques (Basmati et Jasmine), la gamme de riz &#8230; <a title=\"Enterprise &#8211; march\u00e9s\" class=\"read-more\" href=\"https:\/\/www.agrover.it\/fr\/enterprise-marches\/\" aria-label=\"En savoir plus sur Enterprise &#8211; march\u00e9s\">Lire la suite<\/a><\/p>\n","protected":false},"author":1,"featured_media":0,"parent":0,"menu_order":0,"comment_status":"closed","ping_status":"closed","template":"","meta":{"_acf_changed":false,"footnotes":""},"class_list":["post-2623","page","type-page","status-publish"],"acf":[],"_links":{"self":[{"href":"https:\/\/www.agrover.it\/fr\/wp-json\/wp\/v2\/pages\/2623","targetHints":{"allow":["GET"]}}],"collection":[{"href":"https:\/\/www.agrover.it\/fr\/wp-json\/wp\/v2\/pages"}],"about":[{"href":"https:\/\/www.agrover.it\/fr\/wp-json\/wp\/v2\/types\/page"}],"author":[{"embeddable":true,"href":"https:\/\/www.agrover.it\/fr\/wp-json\/wp\/v2\/users\/1"}],"replies":[{"embeddable":true,"href":"https:\/\/www.agrover.it\/fr\/wp-json\/wp\/v2\/comments?post=2623"}],"version-history":[{"count":4,"href":"https:\/\/www.agrover.it\/fr\/wp-json\/wp\/v2\/pages\/2623\/revisions"}],"predecessor-version":[{"id":2945,"href":"https:\/\/www.agrover.it\/fr\/wp-json\/wp\/v2\/pages\/2623\/revisions\/2945"}],"wp:attachment":[{"href":"https:\/\/www.agrover.it\/fr\/wp-json\/wp\/v2\/media?parent=2623"}],"curies":[{"name":"wp","href":"https:\/\/api.w.org\/{rel}","templated":true}]}}