{"id":2612,"date":"2025-02-20T12:32:41","date_gmt":"2025-02-20T11:32:41","guid":{"rendered":"https:\/\/www.agrover.it\/azienda-valori\/"},"modified":"2025-11-06T15:47:52","modified_gmt":"2025-11-06T14:47:52","slug":"enterprise-valeurs","status":"publish","type":"page","link":"https:\/\/www.agrover.it\/fr\/enterprise-valeurs\/","title":{"rendered":"Enterprise &#8211; valeurs"},"content":{"rendered":"\t\t<div data-elementor-type=\"wp-page\" data-elementor-id=\"2612\" class=\"elementor elementor-2612 elementor-208\" data-elementor-post-type=\"page\">\n\t\t\t\t<div class=\"elementor-element elementor-element-91d8d75 e-flex e-con-boxed e-con e-parent\" data-id=\"91d8d75\" data-element_type=\"container\" data-e-type=\"container\" data-settings=\"{&quot;background_background&quot;:&quot;classic&quot;,&quot;shape_divider_bottom&quot;:&quot;curve&quot;}\">\n\t\t\t\t\t<div class=\"e-con-inner\">\n\t\t\t\t<div class=\"elementor-shape elementor-shape-bottom\" aria-hidden=\"true\" data-negative=\"false\">\n\t\t\t<svg xmlns=\"http:\/\/www.w3.org\/2000\/svg\" viewBox=\"0 0 1000 100\" preserveAspectRatio=\"none\">\n    <path class=\"elementor-shape-fill\" d=\"M1000,4.3V0H0v4.3C0.9,23.1,126.7,99.2,500,100S1000,22.7,1000,4.3z\"\/>\n<\/svg>\t\t<\/div>\n\t\t\t\t<div class=\"elementor-element elementor-element-4d7ca2a elementor-widget__width-initial elementor-widget-tablet__width-initial elementor-widget elementor-widget-heading\" data-id=\"4d7ca2a\" data-element_type=\"widget\" data-e-type=\"widget\" data-widget_type=\"heading.default\">\n\t\t\t\t<div class=\"elementor-widget-container\">\n\t\t\t\t\t<h1 class=\"elementor-heading-title elementor-size-default\">PASSION <br> ET INNOVATION<\/h1>\t\t\t\t<\/div>\n\t\t\t\t<\/div>\n\t\t\t\t\t<\/div>\n\t\t\t\t<\/div>\n\t\t<div class=\"elementor-element elementor-element-b3ca9d6 e-flex e-con-boxed e-con e-parent\" data-id=\"b3ca9d6\" data-element_type=\"container\" data-e-type=\"container\">\n\t\t\t\t\t<div class=\"e-con-inner\">\n\t\t<div class=\"elementor-element elementor-element-7b20e0d e-con-full e-flex e-con e-child\" data-id=\"7b20e0d\" data-element_type=\"container\" data-e-type=\"container\">\n\t\t\t\t<div class=\"elementor-element elementor-element-b40e207 elementor-widget elementor-widget-heading\" data-id=\"b40e207\" data-element_type=\"widget\" data-e-type=\"widget\" data-widget_type=\"heading.default\">\n\t\t\t\t<div class=\"elementor-widget-container\">\n\t\t\t\t\t<h2 class=\"elementor-heading-title elementor-size-default\">TRADITION<\/h2>\t\t\t\t<\/div>\n\t\t\t\t<\/div>\n\t\t\t\t<div class=\"elementor-element elementor-element-970f4c2 elementor-widget-divider--view-line elementor-widget elementor-widget-divider\" data-id=\"970f4c2\" data-element_type=\"widget\" data-e-type=\"widget\" data-widget_type=\"divider.default\">\n\t\t\t\t<div class=\"elementor-widget-container\">\n\t\t\t\t\t\t\t<div class=\"elementor-divider\">\n\t\t\t<span class=\"elementor-divider-separator\">\n\t\t\t\t\t\t<\/span>\n\t\t<\/div>\n\t\t\t\t\t\t<\/div>\n\t\t\t\t<\/div>\n\t\t\t\t<div class=\"elementor-element elementor-element-29421d4 elementor-widget__width-initial elementor-widget elementor-widget-text-editor\" data-id=\"29421d4\" data-element_type=\"widget\" data-e-type=\"widget\" data-widget_type=\"text-editor.default\">\n\t\t\t\t<div class=\"elementor-widget-container\">\n\t\t\t\t\t\t\t\t\t<p><strong>Nous sommes pr\u00e9sentes sur le march\u00e9 global depuis plus d\u2019un demi-si\u00e8cle.<\/strong> Nous transformons, travaillons et commercialisons pour nos clients une vaste gamme de riz en vrac ou en sachets pour de <strong>marques priv\u00e9es<\/strong>, outre <strong>nos lignes de produits.<\/strong><\/p>\t\t\t\t\t\t\t\t<\/div>\n\t\t\t\t<\/div>\n\t\t\t\t<div class=\"elementor-element elementor-element-1de29e0 elementor-widget elementor-widget-heading\" data-id=\"1de29e0\" data-element_type=\"widget\" data-e-type=\"widget\" data-widget_type=\"heading.default\">\n\t\t\t\t<div class=\"elementor-widget-container\">\n\t\t\t\t\t<h2 class=\"elementor-heading-title elementor-size-default\">PASSION<\/h2>\t\t\t\t<\/div>\n\t\t\t\t<\/div>\n\t\t\t\t<div class=\"elementor-element elementor-element-75fb15a elementor-widget-divider--view-line elementor-widget elementor-widget-divider\" data-id=\"75fb15a\" data-element_type=\"widget\" data-e-type=\"widget\" data-widget_type=\"divider.default\">\n\t\t\t\t<div class=\"elementor-widget-container\">\n\t\t\t\t\t\t\t<div class=\"elementor-divider\">\n\t\t\t<span class=\"elementor-divider-separator\">\n\t\t\t\t\t\t<\/span>\n\t\t<\/div>\n\t\t\t\t\t\t<\/div>\n\t\t\t\t<\/div>\n\t\t\t\t<div class=\"elementor-element elementor-element-d62fe79 elementor-widget__width-initial elementor-widget elementor-widget-text-editor\" data-id=\"d62fe79\" data-element_type=\"widget\" data-e-type=\"widget\" data-widget_type=\"text-editor.default\">\n\t\t\t\t<div class=\"elementor-widget-container\">\n\t\t\t\t\t\t\t\t\t<p>Roberto et Feliciano, avec une <strong>\u00e9quipe de grande comp\u00e9tence et exp\u00e9rience dans le secteur<\/strong>, offrent tous les jours des produits de haute qualit\u00e9. <strong>Customers first ! (Nos clients avant tout !) C\u2019est notre mission !<\/strong><\/p>\t\t\t\t\t\t\t\t<\/div>\n\t\t\t\t<\/div>\n\t\t\t\t<div class=\"elementor-element elementor-element-a704598 elementor-widget elementor-widget-heading\" data-id=\"a704598\" data-element_type=\"widget\" data-e-type=\"widget\" data-widget_type=\"heading.default\">\n\t\t\t\t<div class=\"elementor-widget-container\">\n\t\t\t\t\t<h2 class=\"elementor-heading-title elementor-size-default\">INNOVATION<\/h2>\t\t\t\t<\/div>\n\t\t\t\t<\/div>\n\t\t\t\t<div class=\"elementor-element elementor-element-f8f9217 elementor-widget-divider--view-line elementor-widget elementor-widget-divider\" data-id=\"f8f9217\" data-element_type=\"widget\" data-e-type=\"widget\" data-widget_type=\"divider.default\">\n\t\t\t\t<div class=\"elementor-widget-container\">\n\t\t\t\t\t\t\t<div class=\"elementor-divider\">\n\t\t\t<span class=\"elementor-divider-separator\">\n\t\t\t\t\t\t<\/span>\n\t\t<\/div>\n\t\t\t\t\t\t<\/div>\n\t\t\t\t<\/div>\n\t\t\t\t<div class=\"elementor-element elementor-element-398a021 elementor-widget__width-initial elementor-widget elementor-widget-text-editor\" data-id=\"398a021\" data-element_type=\"widget\" data-e-type=\"widget\" data-widget_type=\"text-editor.default\">\n\t\t\t\t<div class=\"elementor-widget-container\">\n\t\t\t\t\t\t\t\t\t<p>Se tenir \u00e0 jour est la seule fa\u00e7on d\u2019\u00eatre comp\u00e9titifs, tout en offrant des solutions de haute qualit\u00e9 en mesure de satisfaire les clients les plus exigeants. Nos <strong>machines de pointe<\/strong> nous permettent de travailler <strong>chaque ann\u00e9e 60 000 tonnes de riz<\/strong> : les nouveaux <strong>silos en acier inoxydable<\/strong>, la <strong>trieuse optique<\/strong> <strong>de derni\u00e8re g\u00e9n\u00e9ration<\/strong>, les <strong>6 lignes<\/strong> du tout nouvel atelier <strong>de conditionnement<\/strong>, le nouveau syst\u00e8me de palettisation, optimisent les temps d\u2019usinage et de livraison des produits. Notre usine est compos\u00e9e de la rizerie, o\u00f9 le riz est transform\u00e9 et travaill\u00e9, de la zone de conditionnement et de la nouvelle zone de stockage de 500 palettes.<\/p>\t\t\t\t\t\t\t\t<\/div>\n\t\t\t\t<\/div>\n\t\t\t\t<div class=\"elementor-element elementor-element-a3e9ea0 elementor-widget elementor-widget-heading\" data-id=\"a3e9ea0\" data-element_type=\"widget\" data-e-type=\"widget\" data-widget_type=\"heading.default\">\n\t\t\t\t<div class=\"elementor-widget-container\">\n\t\t\t\t\t<h2 class=\"elementor-heading-title elementor-size-default\">PARTENARIAT<\/h2>\t\t\t\t<\/div>\n\t\t\t\t<\/div>\n\t\t\t\t<div class=\"elementor-element elementor-element-ba883a0 elementor-widget-divider--view-line elementor-widget elementor-widget-divider\" data-id=\"ba883a0\" data-element_type=\"widget\" data-e-type=\"widget\" data-widget_type=\"divider.default\">\n\t\t\t\t<div class=\"elementor-widget-container\">\n\t\t\t\t\t\t\t<div class=\"elementor-divider\">\n\t\t\t<span class=\"elementor-divider-separator\">\n\t\t\t\t\t\t<\/span>\n\t\t<\/div>\n\t\t\t\t\t\t<\/div>\n\t\t\t\t<\/div>\n\t\t\t\t<div class=\"elementor-element elementor-element-b780aca elementor-widget__width-initial elementor-widget elementor-widget-text-editor\" data-id=\"b780aca\" data-element_type=\"widget\" data-e-type=\"widget\" data-widget_type=\"text-editor.default\">\n\t\t\t\t<div class=\"elementor-widget-container\">\n\t\t\t\t\t\t\t\t\t<p>Notre vocation est orient\u00e9e vers le partenariat. Nous d\u00e9sirons que nos clients se sentent suivis, \u00e9cout\u00e9s et que leurs n\u00e9cessit\u00e9s soient toujours satisfaites. Nous leur assurons <strong>savoir-faire, qualit\u00e9 des produits, livraisons professionnelles.<\/strong><\/p>\t\t\t\t\t\t\t\t<\/div>\n\t\t\t\t<\/div>\n\t\t\t\t<\/div>\n\t\t<div class=\"elementor-element elementor-element-afdd94c e-con-full e-flex e-con e-child\" data-id=\"afdd94c\" data-element_type=\"container\" data-e-type=\"container\">\n\t\t\t\t<div class=\"elementor-element elementor-element-8663269 elementor-widget elementor-widget-template\" data-id=\"8663269\" data-element_type=\"widget\" data-e-type=\"widget\" data-widget_type=\"template.default\">\n\t\t\t\t<div class=\"elementor-widget-container\">\n\t\t\t\t\t\t\t<div class=\"elementor-template\">\n\t\t\t\t\t<div data-elementor-type=\"section\" data-elementor-id=\"316\" class=\"elementor elementor-316\" data-elementor-post-type=\"elementor_library\">\n\t\t\t<div class=\"elementor-element elementor-element-0838da4 elementor-hidden-mobile e-flex e-con-boxed e-con e-parent\" data-id=\"0838da4\" data-element_type=\"container\" data-e-type=\"container\">\n\t\t\t\t\t<div class=\"e-con-inner\">\n\t\t\t\t<div class=\"elementor-element elementor-element-2fdc963 elementor-widget elementor-widget-heading\" data-id=\"2fdc963\" data-element_type=\"widget\" data-e-type=\"widget\" data-widget_type=\"heading.default\">\n\t\t\t\t<div class=\"elementor-widget-container\">\n\t\t\t\t\t<h3 class=\"elementor-heading-title elementor-size-default\">Azienda<\/h3>\t\t\t\t<\/div>\n\t\t\t\t<\/div>\n\t\t\t\t<div class=\"elementor-element elementor-element-a6faabe elementor-nav-menu--dropdown-none elementor-widget elementor-widget-nav-menu\" data-id=\"a6faabe\" data-element_type=\"widget\" data-e-type=\"widget\" data-settings=\"{&quot;layout&quot;:&quot;vertical&quot;,&quot;submenu_icon&quot;:{&quot;value&quot;:&quot;&lt;svg aria-hidden=\\&quot;true\\&quot; class=\\&quot;e-font-icon-svg e-fas-caret-down\\&quot; viewBox=\\&quot;0 0 320 512\\&quot; xmlns=\\&quot;http:\\\/\\\/www.w3.org\\\/2000\\\/svg\\&quot;&gt;&lt;path d=\\&quot;M31.3 192h257.3c17.8 0 26.7 21.5 14.1 34.1L174.1 354.8c-7.8 7.8-20.5 7.8-28.3 0L17.2 226.1C4.6 213.5 13.5 192 31.3 192z\\&quot;&gt;&lt;\\\/path&gt;&lt;\\\/svg&gt;&quot;,&quot;library&quot;:&quot;fa-solid&quot;}}\" data-widget_type=\"nav-menu.default\">\n\t\t\t\t<div class=\"elementor-widget-container\">\n\t\t\t\t\t\t\t\t<nav aria-label=\"Menu\" class=\"elementor-nav-menu--main elementor-nav-menu__container elementor-nav-menu--layout-vertical e--pointer-none\">\n\t\t\t\t<ul id=\"menu-1-a6faabe\" class=\"elementor-nav-menu sm-vertical\"><li class=\"menu-item menu-item-type-post_type menu-item-object-page menu-item-1239\"><a href=\"https:\/\/www.agrover.it\/azienda-storia\/\" data-ps2id-api=\"true\" class=\"elementor-item\">Enterprise &#8211; histoire<\/a><\/li>\n<li class=\"menu-item menu-item-type-post_type menu-item-object-page menu-item-1238\"><a href=\"https:\/\/www.agrover.it\/azienda-valori\/\" data-ps2id-api=\"true\" class=\"elementor-item\">Enterprise &#8211; valeurs<\/a><\/li>\n<li class=\"menu-item menu-item-type-post_type menu-item-object-page menu-item-1236\"><a href=\"https:\/\/www.agrover.it\/azienda-numeri\/\" data-ps2id-api=\"true\" class=\"elementor-item\">Enterprise &#8211; chiffres<\/a><\/li>\n<li class=\"menu-item menu-item-type-post_type menu-item-object-page menu-item-1237\"><a href=\"https:\/\/www.agrover.it\/azienda-mercati\/\" data-ps2id-api=\"true\" class=\"elementor-item\">Enterprise &#8211; march\u00e9s<\/a><\/li>\n<\/ul>\t\t\t<\/nav>\n\t\t\t\t\t\t<nav class=\"elementor-nav-menu--dropdown elementor-nav-menu__container\" aria-hidden=\"true\">\n\t\t\t\t<ul id=\"menu-2-a6faabe\" class=\"elementor-nav-menu sm-vertical\"><li class=\"menu-item menu-item-type-post_type menu-item-object-page menu-item-1239\"><a href=\"https:\/\/www.agrover.it\/azienda-storia\/\" data-ps2id-api=\"true\" class=\"elementor-item\" tabindex=\"-1\">Enterprise &#8211; histoire<\/a><\/li>\n<li class=\"menu-item menu-item-type-post_type menu-item-object-page menu-item-1238\"><a href=\"https:\/\/www.agrover.it\/azienda-valori\/\" data-ps2id-api=\"true\" class=\"elementor-item\" tabindex=\"-1\">Enterprise &#8211; valeurs<\/a><\/li>\n<li class=\"menu-item menu-item-type-post_type menu-item-object-page menu-item-1236\"><a href=\"https:\/\/www.agrover.it\/azienda-numeri\/\" data-ps2id-api=\"true\" class=\"elementor-item\" tabindex=\"-1\">Enterprise &#8211; chiffres<\/a><\/li>\n<li class=\"menu-item menu-item-type-post_type menu-item-object-page menu-item-1237\"><a href=\"https:\/\/www.agrover.it\/azienda-mercati\/\" data-ps2id-api=\"true\" class=\"elementor-item\" tabindex=\"-1\">Enterprise &#8211; march\u00e9s<\/a><\/li>\n<\/ul>\t\t\t<\/nav>\n\t\t\t\t\t\t<\/div>\n\t\t\t\t<\/div>\n\t\t\t\t\t<\/div>\n\t\t\t\t<\/div>\n\t\t\t\t<\/div>\n\t\t\t\t<\/div>\n\t\t\t\t\t\t<\/div>\n\t\t\t\t<\/div>\n\t\t\t\t<\/div>\n\t\t\t\t\t<\/div>\n\t\t\t\t<\/div>\n\t\t\t\t<\/div>\n\t\t","protected":false},"excerpt":{"rendered":"<p>PASSION ET INNOVATION TRADITION Nous sommes pr\u00e9sentes sur le march\u00e9 global depuis plus d\u2019un demi-si\u00e8cle. Nous transformons, travaillons et commercialisons pour nos clients une vaste gamme de riz en vrac ou en sachets pour de marques priv\u00e9es, outre nos lignes de produits. PASSION Roberto et Feliciano, avec une \u00e9quipe de grande comp\u00e9tence et exp\u00e9rience dans &#8230; <a title=\"Enterprise &#8211; valeurs\" class=\"read-more\" href=\"https:\/\/www.agrover.it\/fr\/enterprise-valeurs\/\" aria-label=\"En savoir plus sur Enterprise &#8211; valeurs\">Lire la suite<\/a><\/p>\n","protected":false},"author":1,"featured_media":0,"parent":0,"menu_order":0,"comment_status":"closed","ping_status":"closed","template":"elementor_header_footer","meta":{"_acf_changed":false,"footnotes":""},"class_list":["post-2612","page","type-page","status-publish"],"acf":[],"_links":{"self":[{"href":"https:\/\/www.agrover.it\/fr\/wp-json\/wp\/v2\/pages\/2612","targetHints":{"allow":["GET"]}}],"collection":[{"href":"https:\/\/www.agrover.it\/fr\/wp-json\/wp\/v2\/pages"}],"about":[{"href":"https:\/\/www.agrover.it\/fr\/wp-json\/wp\/v2\/types\/page"}],"author":[{"embeddable":true,"href":"https:\/\/www.agrover.it\/fr\/wp-json\/wp\/v2\/users\/1"}],"replies":[{"embeddable":true,"href":"https:\/\/www.agrover.it\/fr\/wp-json\/wp\/v2\/comments?post=2612"}],"version-history":[{"count":4,"href":"https:\/\/www.agrover.it\/fr\/wp-json\/wp\/v2\/pages\/2612\/revisions"}],"predecessor-version":[{"id":2944,"href":"https:\/\/www.agrover.it\/fr\/wp-json\/wp\/v2\/pages\/2612\/revisions\/2944"}],"wp:attachment":[{"href":"https:\/\/www.agrover.it\/fr\/wp-json\/wp\/v2\/media?parent=2612"}],"curies":[{"name":"wp","href":"https:\/\/api.w.org\/{rel}","templated":true}]}}