{"id":2597,"date":"2025-02-20T12:23:42","date_gmt":"2025-02-20T11:23:42","guid":{"rendered":"https:\/\/www.agrover.it\/azienda-storia-2\/"},"modified":"2025-11-06T15:36:32","modified_gmt":"2025-11-06T14:36:32","slug":"enterprise-histoire","status":"publish","type":"page","link":"https:\/\/www.agrover.it\/fr\/enterprise-histoire\/","title":{"rendered":"Enterprise &#8211; histoire"},"content":{"rendered":"\t\t<div data-elementor-type=\"wp-page\" data-elementor-id=\"2597\" class=\"elementor elementor-2597 elementor-191\" data-elementor-post-type=\"page\">\n\t\t\t\t<div class=\"elementor-element elementor-element-6d37887 e-flex e-con-boxed e-con e-parent\" data-id=\"6d37887\" data-element_type=\"container\" data-e-type=\"container\" data-settings=\"{&quot;background_background&quot;:&quot;classic&quot;,&quot;shape_divider_bottom&quot;:&quot;curve&quot;}\">\n\t\t\t\t\t<div class=\"e-con-inner\">\n\t\t\t\t<div class=\"elementor-shape elementor-shape-bottom\" aria-hidden=\"true\" data-negative=\"false\">\n\t\t\t<svg xmlns=\"http:\/\/www.w3.org\/2000\/svg\" viewBox=\"0 0 1000 100\" preserveAspectRatio=\"none\">\n    <path class=\"elementor-shape-fill\" d=\"M1000,4.3V0H0v4.3C0.9,23.1,126.7,99.2,500,100S1000,22.7,1000,4.3z\"\/>\n<\/svg>\t\t<\/div>\n\t\t\t\t<div class=\"elementor-element elementor-element-b911825 elementor-widget__width-initial elementor-widget-tablet__width-initial elementor-widget elementor-widget-heading\" data-id=\"b911825\" data-element_type=\"widget\" data-e-type=\"widget\" data-widget_type=\"heading.default\">\n\t\t\t\t<div class=\"elementor-widget-container\">\n\t\t\t\t\t<h1 class=\"elementor-heading-title elementor-size-default\">UNE HISTOIRE<bR>DE TRADITION<\/h1>\t\t\t\t<\/div>\n\t\t\t\t<\/div>\n\t\t\t\t\t<\/div>\n\t\t\t\t<\/div>\n\t\t<div class=\"elementor-element elementor-element-afa4cb5 e-flex e-con-boxed e-con e-parent\" data-id=\"afa4cb5\" data-element_type=\"container\" data-e-type=\"container\">\n\t\t\t\t\t<div class=\"e-con-inner\">\n\t\t<div class=\"elementor-element elementor-element-bfa8aa5 e-con-full e-flex e-con e-child\" data-id=\"bfa8aa5\" data-element_type=\"container\" data-e-type=\"container\">\n\t\t\t\t<div class=\"elementor-element elementor-element-88f2097 elementor-widget elementor-widget-heading\" data-id=\"88f2097\" data-element_type=\"widget\" data-e-type=\"widget\" data-widget_type=\"heading.default\">\n\t\t\t\t<div class=\"elementor-widget-container\">\n\t\t\t\t\t<h2 class=\"elementor-heading-title elementor-size-default\">1955<\/h2>\t\t\t\t<\/div>\n\t\t\t\t<\/div>\n\t\t\t\t<div class=\"elementor-element elementor-element-e185a43 elementor-widget-divider--view-line elementor-widget elementor-widget-divider\" data-id=\"e185a43\" data-element_type=\"widget\" data-e-type=\"widget\" data-widget_type=\"divider.default\">\n\t\t\t\t<div class=\"elementor-widget-container\">\n\t\t\t\t\t\t\t<div class=\"elementor-divider\">\n\t\t\t<span class=\"elementor-divider-separator\">\n\t\t\t\t\t\t<\/span>\n\t\t<\/div>\n\t\t\t\t\t\t<\/div>\n\t\t\t\t<\/div>\n\t\t\t\t<div class=\"elementor-element elementor-element-85622e3 elementor-widget__width-initial elementor-widget elementor-widget-text-editor\" data-id=\"85622e3\" data-element_type=\"widget\" data-e-type=\"widget\" data-widget_type=\"text-editor.default\">\n\t\t\t\t<div class=\"elementor-widget-container\">\n\t\t\t\t\t\t\t\t\t<p>Les fr\u00e8res Giovanni et Francesco Mottino fondent \u00e0 <strong>Lignana<\/strong> (VC), dans le c\u0153ur de la plaine du P\u00f4, <strong>la Riseria F.lli Mottino<\/strong>. Au cours des ann\u00e9es, le petit moulin familial <strong>s\u2019agrandit et vise \u00e0 devenir une r\u00e9alit\u00e9 connue \u00e0 niveau international.<\/strong><\/p>\t\t\t\t\t\t\t\t<\/div>\n\t\t\t\t<\/div>\n\t\t\t\t<div class=\"elementor-element elementor-element-3236de4 elementor-widget elementor-widget-heading\" data-id=\"3236de4\" data-element_type=\"widget\" data-e-type=\"widget\" data-widget_type=\"heading.default\">\n\t\t\t\t<div class=\"elementor-widget-container\">\n\t\t\t\t\t<h2 class=\"elementor-heading-title elementor-size-default\">1970<\/h2>\t\t\t\t<\/div>\n\t\t\t\t<\/div>\n\t\t\t\t<div class=\"elementor-element elementor-element-defa89a elementor-widget-divider--view-line elementor-widget elementor-widget-divider\" data-id=\"defa89a\" data-element_type=\"widget\" data-e-type=\"widget\" data-widget_type=\"divider.default\">\n\t\t\t\t<div class=\"elementor-widget-container\">\n\t\t\t\t\t\t\t<div class=\"elementor-divider\">\n\t\t\t<span class=\"elementor-divider-separator\">\n\t\t\t\t\t\t<\/span>\n\t\t<\/div>\n\t\t\t\t\t\t<\/div>\n\t\t\t\t<\/div>\n\t\t\t\t<div class=\"elementor-element elementor-element-6c552d6 elementor-widget__width-initial elementor-widget elementor-widget-text-editor\" data-id=\"6c552d6\" data-element_type=\"widget\" data-e-type=\"widget\" data-widget_type=\"text-editor.default\">\n\t\t\t\t<div class=\"elementor-widget-container\">\n\t\t\t\t\t\t\t\t\t<p>Les ann\u00e9es 70 marquent le d\u00e9but de la production industrielle et de l\u2019expansion vers les march\u00e9s \u00e9trangers. Notre riz traverse les fronti\u00e8res et devient fameux en <strong>Europe<\/strong> aussi. L\u2019usine qui se trouve \u00e0 la place du moulin est inaugur\u00e9e en 1977 ; contrairement aux autres rizeries qui adoptent un usinage vertical, nous sommes la premi\u00e8re rizerie en Italie \u00e0 tester <strong>l\u2019usinage horizontal<\/strong> sur un seul niveau.<\/p>\t\t\t\t\t\t\t\t<\/div>\n\t\t\t\t<\/div>\n\t\t\t\t<div class=\"elementor-element elementor-element-7df79ff elementor-widget elementor-widget-heading\" data-id=\"7df79ff\" data-element_type=\"widget\" data-e-type=\"widget\" data-widget_type=\"heading.default\">\n\t\t\t\t<div class=\"elementor-widget-container\">\n\t\t\t\t\t<h2 class=\"elementor-heading-title elementor-size-default\">1990<\/h2>\t\t\t\t<\/div>\n\t\t\t\t<\/div>\n\t\t\t\t<div class=\"elementor-element elementor-element-7015e05 elementor-widget-divider--view-line elementor-widget elementor-widget-divider\" data-id=\"7015e05\" data-element_type=\"widget\" data-e-type=\"widget\" data-widget_type=\"divider.default\">\n\t\t\t\t<div class=\"elementor-widget-container\">\n\t\t\t\t\t\t\t<div class=\"elementor-divider\">\n\t\t\t<span class=\"elementor-divider-separator\">\n\t\t\t\t\t\t<\/span>\n\t\t<\/div>\n\t\t\t\t\t\t<\/div>\n\t\t\t\t<\/div>\n\t\t\t\t<div class=\"elementor-element elementor-element-454114f elementor-widget__width-initial elementor-widget elementor-widget-text-editor\" data-id=\"454114f\" data-element_type=\"widget\" data-e-type=\"widget\" data-widget_type=\"text-editor.default\">\n\t\t\t\t<div class=\"elementor-widget-container\">\n\t\t\t\t\t\t\t\t\t<p>La technologie \u00e9volue rapidement et la rizerie introduit des nouveaux syst\u00e8mes de s\u00e9lection de la mati\u00e8re premi\u00e8re (trieuse optique) et d\u2019usinage du riz. Des nouveaux march\u00e9s s\u2019ouvrent et la <strong>commercialisation des vari\u00e9t\u00e9s aromatiques<\/strong> commence.<\/p>\t\t\t\t\t\t\t\t<\/div>\n\t\t\t\t<\/div>\n\t\t\t\t<div class=\"elementor-element elementor-element-a092d7b elementor-widget elementor-widget-heading\" data-id=\"a092d7b\" data-element_type=\"widget\" data-e-type=\"widget\" data-widget_type=\"heading.default\">\n\t\t\t\t<div class=\"elementor-widget-container\">\n\t\t\t\t\t<h2 class=\"elementor-heading-title elementor-size-default\">2000<\/h2>\t\t\t\t<\/div>\n\t\t\t\t<\/div>\n\t\t\t\t<div class=\"elementor-element elementor-element-2e6a49a elementor-widget-divider--view-line elementor-widget elementor-widget-divider\" data-id=\"2e6a49a\" data-element_type=\"widget\" data-e-type=\"widget\" data-widget_type=\"divider.default\">\n\t\t\t\t<div class=\"elementor-widget-container\">\n\t\t\t\t\t\t\t<div class=\"elementor-divider\">\n\t\t\t<span class=\"elementor-divider-separator\">\n\t\t\t\t\t\t<\/span>\n\t\t<\/div>\n\t\t\t\t\t\t<\/div>\n\t\t\t\t<\/div>\n\t\t\t\t<div class=\"elementor-element elementor-element-095b0ea elementor-widget__width-initial elementor-widget elementor-widget-text-editor\" data-id=\"095b0ea\" data-element_type=\"widget\" data-e-type=\"widget\" data-widget_type=\"text-editor.default\">\n\t\t\t\t<div class=\"elementor-widget-container\">\n\t\t\t\t\t\t\t\t\t<p>En 2000 Roberto et Feliciano, les fils de Giovanni, <strong>agrandissent le si\u00e8ge de la rizerie<\/strong>, la modernisent \u00e0 l\u2019aide de <strong>nouvelles machines<\/strong> et utilisent des <strong>nouvelles technologies de production. C\u2019est le d\u00e9but d\u2019Agrover s.r.l.<\/strong>, qui transforme et commercialise tout type de riz. La tradition d\u2019hier s\u2019unit aux technologies modernes.<\/p>\t\t\t\t\t\t\t\t<\/div>\n\t\t\t\t<\/div>\n\t\t\t\t<div class=\"elementor-element elementor-element-0412529 elementor-widget elementor-widget-heading\" data-id=\"0412529\" data-element_type=\"widget\" data-e-type=\"widget\" data-widget_type=\"heading.default\">\n\t\t\t\t<div class=\"elementor-widget-container\">\n\t\t\t\t\t<h2 class=\"elementor-heading-title elementor-size-default\">2015<\/h2>\t\t\t\t<\/div>\n\t\t\t\t<\/div>\n\t\t\t\t<div class=\"elementor-element elementor-element-01c115a elementor-widget-divider--view-line elementor-widget elementor-widget-divider\" data-id=\"01c115a\" data-element_type=\"widget\" data-e-type=\"widget\" data-widget_type=\"divider.default\">\n\t\t\t\t<div class=\"elementor-widget-container\">\n\t\t\t\t\t\t\t<div class=\"elementor-divider\">\n\t\t\t<span class=\"elementor-divider-separator\">\n\t\t\t\t\t\t<\/span>\n\t\t<\/div>\n\t\t\t\t\t\t<\/div>\n\t\t\t\t<\/div>\n\t\t\t\t<div class=\"elementor-element elementor-element-17a8586 elementor-widget__width-initial elementor-widget elementor-widget-text-editor\" data-id=\"17a8586\" data-element_type=\"widget\" data-e-type=\"widget\" data-widget_type=\"text-editor.default\">\n\t\t\t\t<div class=\"elementor-widget-container\">\n\t\t\t\t\t\t\t\t\t<p>L&rsquo;entreprise entame une r\u00e9novation majeure pour r\u00e9pondre aux normes de s\u00e9curit\u00e9 modernes et agrandit son usine\u00a0: de <strong>nouvelles machines<\/strong> de transformation du riz et de <strong>nouvelles lignes<\/strong> de conditionnement sont install\u00e9es. La marque de distributeur pour la grande distribution devient le c\u0153ur de m\u00e9tier d&rsquo;Agrover, qui commence \u00e0 exporter du riz sur tous les continents.<\/p>\t\t\t\t\t\t\t\t<\/div>\n\t\t\t\t<\/div>\n\t\t\t\t<div class=\"elementor-element elementor-element-ee1bfb8 elementor-widget elementor-widget-heading\" data-id=\"ee1bfb8\" data-element_type=\"widget\" data-e-type=\"widget\" data-widget_type=\"heading.default\">\n\t\t\t\t<div class=\"elementor-widget-container\">\n\t\t\t\t\t<h2 class=\"elementor-heading-title elementor-size-default\">AUJOURD'HUI<\/h2>\t\t\t\t<\/div>\n\t\t\t\t<\/div>\n\t\t\t\t<div class=\"elementor-element elementor-element-9abfd42 elementor-widget-divider--view-line elementor-widget elementor-widget-divider\" data-id=\"9abfd42\" data-element_type=\"widget\" data-e-type=\"widget\" data-widget_type=\"divider.default\">\n\t\t\t\t<div class=\"elementor-widget-container\">\n\t\t\t\t\t\t\t<div class=\"elementor-divider\">\n\t\t\t<span class=\"elementor-divider-separator\">\n\t\t\t\t\t\t<\/span>\n\t\t<\/div>\n\t\t\t\t\t\t<\/div>\n\t\t\t\t<\/div>\n\t\t\t\t<div class=\"elementor-element elementor-element-9d315f4 elementor-widget__width-initial elementor-widget elementor-widget-text-editor\" data-id=\"9d315f4\" data-element_type=\"widget\" data-e-type=\"widget\" data-widget_type=\"text-editor.default\">\n\t\t\t\t<div class=\"elementor-widget-container\">\n\t\t\t\t\t\t\t\t\t<p>Innovation, investissement dans de nouvelles machines et technologies, et formation du personnel : tels sont les d\u00e9fis d&rsquo;aujourd&rsquo;hui. \u00c0 travers ses projets, Agrover s&rsquo;engage pour un avenir plus durable et des choix de plus en plus \u00e9cologiques. <strong>Aujourd&rsquo;hui, nous sommes reconnus internationalement comme un leader dans la transformation de tous types de riz.<\/strong> Nous vendons du riz en vrac ou conditionn\u00e9 pour des marques de distributeur, en plus de nos propres gammes de produits. Notre derni\u00e8re gamme est ARIA, un nouvel emballage sous vide de 1\u00a0kg.<\/p>\t\t\t\t\t\t\t\t<\/div>\n\t\t\t\t<\/div>\n\t\t\t\t<\/div>\n\t\t<div class=\"elementor-element elementor-element-e5c04ae e-con-full elementor-hidden-mobile e-flex e-con e-child\" data-id=\"e5c04ae\" data-element_type=\"container\" data-e-type=\"container\">\n\t\t\t\t<div class=\"elementor-element elementor-element-e3542ae elementor-widget elementor-widget-template\" data-id=\"e3542ae\" data-element_type=\"widget\" data-e-type=\"widget\" data-widget_type=\"template.default\">\n\t\t\t\t<div class=\"elementor-widget-container\">\n\t\t\t\t\t\t\t<div class=\"elementor-template\">\n\t\t\t\t\t<div data-elementor-type=\"section\" data-elementor-id=\"316\" class=\"elementor elementor-316\" data-elementor-post-type=\"elementor_library\">\n\t\t\t<div class=\"elementor-element elementor-element-0838da4 elementor-hidden-mobile e-flex e-con-boxed e-con e-parent\" data-id=\"0838da4\" data-element_type=\"container\" data-e-type=\"container\">\n\t\t\t\t\t<div class=\"e-con-inner\">\n\t\t\t\t<div class=\"elementor-element elementor-element-2fdc963 elementor-widget elementor-widget-heading\" data-id=\"2fdc963\" data-element_type=\"widget\" data-e-type=\"widget\" data-widget_type=\"heading.default\">\n\t\t\t\t<div class=\"elementor-widget-container\">\n\t\t\t\t\t<h3 class=\"elementor-heading-title elementor-size-default\">Azienda<\/h3>\t\t\t\t<\/div>\n\t\t\t\t<\/div>\n\t\t\t\t<div class=\"elementor-element elementor-element-a6faabe elementor-nav-menu--dropdown-none elementor-widget elementor-widget-nav-menu\" data-id=\"a6faabe\" data-element_type=\"widget\" data-e-type=\"widget\" data-settings=\"{&quot;layout&quot;:&quot;vertical&quot;,&quot;submenu_icon&quot;:{&quot;value&quot;:&quot;&lt;svg aria-hidden=\\&quot;true\\&quot; class=\\&quot;e-font-icon-svg e-fas-caret-down\\&quot; viewBox=\\&quot;0 0 320 512\\&quot; xmlns=\\&quot;http:\\\/\\\/www.w3.org\\\/2000\\\/svg\\&quot;&gt;&lt;path d=\\&quot;M31.3 192h257.3c17.8 0 26.7 21.5 14.1 34.1L174.1 354.8c-7.8 7.8-20.5 7.8-28.3 0L17.2 226.1C4.6 213.5 13.5 192 31.3 192z\\&quot;&gt;&lt;\\\/path&gt;&lt;\\\/svg&gt;&quot;,&quot;library&quot;:&quot;fa-solid&quot;}}\" data-widget_type=\"nav-menu.default\">\n\t\t\t\t<div class=\"elementor-widget-container\">\n\t\t\t\t\t\t\t\t<nav aria-label=\"Menu\" class=\"elementor-nav-menu--main elementor-nav-menu__container elementor-nav-menu--layout-vertical e--pointer-none\">\n\t\t\t\t<ul id=\"menu-1-a6faabe\" class=\"elementor-nav-menu sm-vertical\"><li class=\"menu-item menu-item-type-post_type menu-item-object-page menu-item-1239\"><a href=\"https:\/\/www.agrover.it\/azienda-storia\/\" data-ps2id-api=\"true\" class=\"elementor-item\">Enterprise &#8211; histoire<\/a><\/li>\n<li class=\"menu-item menu-item-type-post_type menu-item-object-page menu-item-1238\"><a href=\"https:\/\/www.agrover.it\/azienda-valori\/\" data-ps2id-api=\"true\" class=\"elementor-item\">Enterprise &#8211; valeurs<\/a><\/li>\n<li class=\"menu-item menu-item-type-post_type menu-item-object-page menu-item-1236\"><a href=\"https:\/\/www.agrover.it\/azienda-numeri\/\" data-ps2id-api=\"true\" class=\"elementor-item\">Enterprise &#8211; chiffres<\/a><\/li>\n<li class=\"menu-item menu-item-type-post_type menu-item-object-page menu-item-1237\"><a href=\"https:\/\/www.agrover.it\/azienda-mercati\/\" data-ps2id-api=\"true\" class=\"elementor-item\">Enterprise &#8211; march\u00e9s<\/a><\/li>\n<\/ul>\t\t\t<\/nav>\n\t\t\t\t\t\t<nav class=\"elementor-nav-menu--dropdown elementor-nav-menu__container\" aria-hidden=\"true\">\n\t\t\t\t<ul id=\"menu-2-a6faabe\" class=\"elementor-nav-menu sm-vertical\"><li class=\"menu-item menu-item-type-post_type menu-item-object-page menu-item-1239\"><a href=\"https:\/\/www.agrover.it\/azienda-storia\/\" data-ps2id-api=\"true\" class=\"elementor-item\" tabindex=\"-1\">Enterprise &#8211; histoire<\/a><\/li>\n<li class=\"menu-item menu-item-type-post_type menu-item-object-page menu-item-1238\"><a href=\"https:\/\/www.agrover.it\/azienda-valori\/\" data-ps2id-api=\"true\" class=\"elementor-item\" tabindex=\"-1\">Enterprise &#8211; valeurs<\/a><\/li>\n<li class=\"menu-item menu-item-type-post_type menu-item-object-page menu-item-1236\"><a href=\"https:\/\/www.agrover.it\/azienda-numeri\/\" data-ps2id-api=\"true\" class=\"elementor-item\" tabindex=\"-1\">Enterprise &#8211; chiffres<\/a><\/li>\n<li class=\"menu-item menu-item-type-post_type menu-item-object-page menu-item-1237\"><a href=\"https:\/\/www.agrover.it\/azienda-mercati\/\" data-ps2id-api=\"true\" class=\"elementor-item\" tabindex=\"-1\">Enterprise &#8211; march\u00e9s<\/a><\/li>\n<\/ul>\t\t\t<\/nav>\n\t\t\t\t\t\t<\/div>\n\t\t\t\t<\/div>\n\t\t\t\t\t<\/div>\n\t\t\t\t<\/div>\n\t\t\t\t<\/div>\n\t\t\t\t<\/div>\n\t\t\t\t\t\t<\/div>\n\t\t\t\t<\/div>\n\t\t\t\t<\/div>\n\t\t\t\t\t<\/div>\n\t\t\t\t<\/div>\n\t\t\t\t<\/div>\n\t\t","protected":false},"excerpt":{"rendered":"<p>UNE HISTOIREDE TRADITION 1955 Les fr\u00e8res Giovanni et Francesco Mottino fondent \u00e0 Lignana (VC), dans le c\u0153ur de la plaine du P\u00f4, la Riseria F.lli Mottino. Au cours des ann\u00e9es, le petit moulin familial s\u2019agrandit et vise \u00e0 devenir une r\u00e9alit\u00e9 connue \u00e0 niveau international. 1970 Les ann\u00e9es 70 marquent le d\u00e9but de la production &#8230; <a title=\"Enterprise &#8211; histoire\" class=\"read-more\" href=\"https:\/\/www.agrover.it\/fr\/enterprise-histoire\/\" aria-label=\"En savoir plus sur Enterprise &#8211; histoire\">Lire la suite<\/a><\/p>\n","protected":false},"author":1,"featured_media":0,"parent":0,"menu_order":0,"comment_status":"closed","ping_status":"closed","template":"elementor_header_footer","meta":{"_acf_changed":false,"footnotes":""},"class_list":["post-2597","page","type-page","status-publish"],"acf":[],"_links":{"self":[{"href":"https:\/\/www.agrover.it\/fr\/wp-json\/wp\/v2\/pages\/2597","targetHints":{"allow":["GET"]}}],"collection":[{"href":"https:\/\/www.agrover.it\/fr\/wp-json\/wp\/v2\/pages"}],"about":[{"href":"https:\/\/www.agrover.it\/fr\/wp-json\/wp\/v2\/types\/page"}],"author":[{"embeddable":true,"href":"https:\/\/www.agrover.it\/fr\/wp-json\/wp\/v2\/users\/1"}],"replies":[{"embeddable":true,"href":"https:\/\/www.agrover.it\/fr\/wp-json\/wp\/v2\/comments?post=2597"}],"version-history":[{"count":10,"href":"https:\/\/www.agrover.it\/fr\/wp-json\/wp\/v2\/pages\/2597\/revisions"}],"predecessor-version":[{"id":3189,"href":"https:\/\/www.agrover.it\/fr\/wp-json\/wp\/v2\/pages\/2597\/revisions\/3189"}],"wp:attachment":[{"href":"https:\/\/www.agrover.it\/fr\/wp-json\/wp\/v2\/media?parent=2597"}],"curies":[{"name":"wp","href":"https:\/\/api.w.org\/{rel}","templated":true}]}}